{"id":2976,"date":"2024-05-23T09:43:11","date_gmt":"2024-05-23T13:43:11","guid":{"rendered":"https:\/\/isp.swlauriersb.qc.ca\/about-us\/"},"modified":"2024-12-10T17:05:32","modified_gmt":"2024-12-10T22:05:32","slug":"a-propos","status":"publish","type":"page","link":"https:\/\/isp.swlauriersb.qc.ca\/fr\/a-propos\/","title":{"rendered":"A propos"},"content":{"rendered":"\n\n\n<div class=\"wp-block-columns is-layout-flex wp-container-core-columns-is-layout-1 wp-block-columns-is-layout-flex\">\n<div class=\"wp-block-column is-layout-flow wp-block-column-is-layout-flow\" style=\"flex-basis:100%\">\n<figure class=\"wp-block-image aligncenter size-large is-resized is-style-square-corner\"><img decoding=\"async\" src=\"https:\/\/isp.swlauriersb.qc.ca\/wp-content\/uploads\/sites\/41\/2024\/06\/SWLSB-logo-NEW-COLOR-1024x393.png\" alt=\"\" class=\"wp-image-606\" style=\"width:232px;height:auto\"\/><\/figure>\n<\/div>\n<\/div>\n\n\n\n<p><em><strong>Une \u00e9ducation en anglais, un avenir bilingue !<\/strong><\/em><\/p>\n\n\n\n<p>Situ\u00e9e \u00e0 20 minutes au nord de Montr\u00e9al, la Commission scolaire Sir-Wilfrid-Laurier est la troisi\u00e8me commission scolaire anglophone en importance dans la province de Qu\u00e9bec et l&#8217;une des principales commissions scolaires anglophones et centres de services scolaires de la province. Son territoire s&#8217;\u00e9tend sur plus de 35 000 kilom\u00e8tres carr\u00e9s. Le personnel d\u00e9vou\u00e9 de la commission scolaire, qui compte plus de 2 000 personnes, r\u00e9pond aux besoins des \u00e9l\u00e8ves de notre vaste territoire compos\u00e9 de communaut\u00e9s rurales et urbaines.<\/p>\n\n\n\n<p>Notre population \u00e9tudiante est compos\u00e9e de plus de 14 000 \u00e9l\u00e8ves qui fr\u00e9quentent 27 \u00e9coles primaires, 9 \u00e9coles secondaires, 2 centres d&#8217;\u00e9ducation des adultes, 2 centres de formation professionnelle et 1 centre de la nature et des sciences. Nous r\u00e9pondons aux besoins \u00e9ducatifs des \u00e9l\u00e8ves des r\u00e9gions de Laval, des Laurentides et de Lanaudi\u00e8re, de la pr\u00e9maternelle \u00e0 la 11e ann\u00e9e (primaire et secondaire), ainsi que dans le secteur de l&#8217;\u00e9ducation des adultes et de la formation professionnelle.<\/p>\n\n\n\n<p>La Commission scolaire Sir-Wilfrid-Laurier s&#8217;engage \u00e0 assurer la r\u00e9ussite de tous ses \u00e9l\u00e8ves. Notre objectif premier est de cr\u00e9er un environnement positif et significatif pour tous les \u00e9l\u00e8ves afin de leur permettre de d\u00e9passer leur potentiel et de contribuer \u00e0 leur apprentissage tout au long de la vie. Nous offrons aux \u00e9l\u00e8ves de l&#8217;\u00e9tranger la possibilit\u00e9 d&#8217;\u00e9tudier en anglais tout en faisant l&#8217;exp\u00e9rience du caract\u00e8re unique de la langue fran\u00e7aise dans nos \u00e9coles et dans la communaut\u00e9 qu\u00e9b\u00e9coise.<\/p>\n\n\n\n<div class=\"wp-block-media-text has-media-on-the-right is-stacked-on-mobile is-style-default\" style=\"grid-template-columns:auto 25%\"><div class=\"wp-block-media-text__content\">\n<p><strong>Secteur de la jeunesse &#8211; Programme international pour les \u00e9tudiants<\/strong><br>Le secteur jeunesse du Programme des \u00e9l\u00e8ves internationaux de la Commission scolaire Sir-Wilfrid-Laurier offre aux jeunes apprenants du monde entier une exp\u00e9rience dynamique et enrichissante dans une \u00e9cole secondaire du Qu\u00e9bec, au Canada. Les \u00e9l\u00e8ves du secteur jeunesse re\u00e7oivent un enseignement de haute qualit\u00e9 dans les mati\u00e8res principales, ainsi qu&#8217;un soutien linguistique en anglais et en fran\u00e7ais pour assurer leur r\u00e9ussite dans un environnement immersif et bilingue. Gr\u00e2ce \u00e0 l&#8217;acc\u00e8s \u00e0 diverses activit\u00e9s extrascolaires, sportives et culturelles, les \u00e9l\u00e8ves acqui\u00e8rent de nouvelles comp\u00e9tences, se font des amis pour la vie et explorent la culture canadienne dans un cadre s\u00fbr et positif. Notre secteur jeunesse aide les jeunes apprenants \u00e0 d\u00e9velopper leur confiance en soi, leur conscience mondiale et les bases acad\u00e9miques dont ils ont besoin pour poursuivre leurs \u00e9tudes ou leurs carri\u00e8res dans le monde entier.<\/p>\n<\/div><figure class=\"wp-block-media-text__media\"><img loading=\"lazy\" decoding=\"async\" width=\"1024\" height=\"768\" src=\"https:\/\/isp.swlauriersb.qc.ca\/wp-content\/uploads\/sites\/41\/2024\/11\/2-1024x768.jpg\" alt=\"\" class=\"wp-image-2828 size-full\" srcset=\"https:\/\/isp.swlauriersb.qc.ca\/wp-content\/uploads\/sites\/41\/2024\/11\/2-1024x768.jpg 1024w, https:\/\/isp.swlauriersb.qc.ca\/wp-content\/uploads\/sites\/41\/2024\/11\/2-300x225.jpg 300w, https:\/\/isp.swlauriersb.qc.ca\/wp-content\/uploads\/sites\/41\/2024\/11\/2-768x576.jpg 768w, https:\/\/isp.swlauriersb.qc.ca\/wp-content\/uploads\/sites\/41\/2024\/11\/2-1536x1152.jpg 1536w, https:\/\/isp.swlauriersb.qc.ca\/wp-content\/uploads\/sites\/41\/2024\/11\/2-2048x1536.jpg 2048w\" sizes=\"(max-width: 1024px) 100vw, 1024px\" \/><\/figure><\/div>\n\n\n\n<div class=\"wp-block-media-text is-stacked-on-mobile\" style=\"grid-template-columns:25% auto\"><figure class=\"wp-block-media-text__media\"><img loading=\"lazy\" decoding=\"async\" width=\"1024\" height=\"681\" src=\"https:\/\/isp.swlauriersb.qc.ca\/wp-content\/uploads\/sites\/41\/2024\/11\/CDC-Pont-Viau-2019_PhotoDeMartinAlarie6105-1024x681.jpg\" alt=\"\" class=\"wp-image-2852 size-full\" srcset=\"https:\/\/isp.swlauriersb.qc.ca\/wp-content\/uploads\/sites\/41\/2024\/11\/CDC-Pont-Viau-2019_PhotoDeMartinAlarie6105-1024x681.jpg 1024w, https:\/\/isp.swlauriersb.qc.ca\/wp-content\/uploads\/sites\/41\/2024\/11\/CDC-Pont-Viau-2019_PhotoDeMartinAlarie6105-300x200.jpg 300w, https:\/\/isp.swlauriersb.qc.ca\/wp-content\/uploads\/sites\/41\/2024\/11\/CDC-Pont-Viau-2019_PhotoDeMartinAlarie6105-768x511.jpg 768w, https:\/\/isp.swlauriersb.qc.ca\/wp-content\/uploads\/sites\/41\/2024\/11\/CDC-Pont-Viau-2019_PhotoDeMartinAlarie6105-1536x1022.jpg 1536w, https:\/\/isp.swlauriersb.qc.ca\/wp-content\/uploads\/sites\/41\/2024\/11\/CDC-Pont-Viau-2019_PhotoDeMartinAlarie6105-2048x1363.jpg 2048w\" sizes=\"(max-width: 1024px) 100vw, 1024px\" \/><\/figure><div class=\"wp-block-media-text__content\">\n<p><strong>Secteur de la formation professionnelle &#8211; Programme international pour les \u00e9tudiants<\/strong><br>Le secteur de la formation professionnelle du Programme des \u00e9l\u00e8ves internationaux de la Commission scolaire Sir-Wilfrid-Laurier est con\u00e7u pour les \u00e9l\u00e8ves internationaux \u00e0 la recherche d&#8217;une formation pratique et ax\u00e9e sur la carri\u00e8re. Offrant une formation sp\u00e9cialis\u00e9e dans des domaines tels que les soins de sant\u00e9, les affaires, la technologie et les m\u00e9tiers sp\u00e9cialis\u00e9s, nos programmes de formation professionnelle permettent aux \u00e9tudiants d&#8217;acqu\u00e9rir des comp\u00e9tences pertinentes pour l&#8217;industrie et d&#8217;obtenir des certifications reconnues partout au Canada. Gr\u00e2ce \u00e0 des classes de petite taille, \u00e0 des instructeurs experts et \u00e0 des partenariats avec des entreprises locales, les \u00e9tudiants acqui\u00e8rent une exp\u00e9rience pratique et des connaissances directement applicables sur le march\u00e9 du travail. Ce secteur aide les \u00e9tudiants \u00e0 atteindre leurs objectifs de carri\u00e8re tout en leur offrant une exp\u00e9rience canadienne immersive, les pr\u00e9parant \u00e0 r\u00e9ussir sur le march\u00e9 du travail comp\u00e9titif d&#8217;aujourd&#8217;hui.<\/p>\n<\/div><\/div>\n\n\n\n<p>Pour obtenir une liste d\u00e9taill\u00e9e de toutes nos \u00e9coles primaires, secondaires et centres de formation professionnelle dans chaque r\u00e9gion, veuillez cliquer sur le lien suivant ICI.<\/p>\n\n\n\n<div class=\"wp-block-columns is-layout-flex wp-container-core-columns-is-layout-2 wp-block-columns-is-layout-flex\">\n<div class=\"wp-block-column is-layout-flow wp-block-column-is-layout-flow\">\n<figure class=\"wp-block-embed is-type-video is-provider-youtube wp-block-embed-youtube wp-embed-aspect-16-9 wp-has-aspect-ratio\"><div class=\"wp-block-embed__wrapper\">\n<iframe loading=\"lazy\" title=\"SWLSB International Student Program - Youth Sector\" width=\"500\" height=\"281\" src=\"https:\/\/www.youtube.com\/embed\/vnkkPG-nPCc?start=3&#038;feature=oembed\" frameborder=\"0\" allow=\"accelerometer; autoplay; clipboard-write; encrypted-media; gyroscope; picture-in-picture; web-share\" referrerpolicy=\"strict-origin-when-cross-origin\" allowfullscreen><\/iframe>\n<\/div><\/figure>\n<\/div>\n\n\n\n<div class=\"wp-block-column is-layout-flow wp-block-column-is-layout-flow\">\n<figure class=\"wp-block-embed is-type-video is-provider-youtube wp-block-embed-youtube wp-embed-aspect-16-9 wp-has-aspect-ratio\"><div class=\"wp-block-embed__wrapper\">\n<iframe loading=\"lazy\" title=\"SWLSB International Student Program - Vocational Training Sector\" width=\"500\" height=\"281\" src=\"https:\/\/www.youtube.com\/embed\/n8Rbb_d2xn0?start=1&#038;feature=oembed\" frameborder=\"0\" allow=\"accelerometer; autoplay; clipboard-write; encrypted-media; gyroscope; picture-in-picture; web-share\" referrerpolicy=\"strict-origin-when-cross-origin\" allowfullscreen><\/iframe>\n<\/div><\/figure>\n<\/div>\n\n\n\n<div class=\"wp-block-column is-layout-flow wp-block-column-is-layout-flow\">\n<figure class=\"wp-block-embed is-type-video is-provider-youtube wp-block-embed-youtube wp-embed-aspect-16-9 wp-has-aspect-ratio\"><div class=\"wp-block-embed__wrapper\">\n<iframe loading=\"lazy\" title=\"International Student Program at SWLSB\" width=\"500\" height=\"281\" src=\"https:\/\/www.youtube.com\/embed\/8EgrVuIAkBI?feature=oembed\" frameborder=\"0\" allow=\"accelerometer; autoplay; clipboard-write; encrypted-media; gyroscope; picture-in-picture; web-share\" referrerpolicy=\"strict-origin-when-cross-origin\" allowfullscreen><\/iframe>\n<\/div><\/figure>\n<\/div>\n<\/div>\n","protected":false},"excerpt":{"rendered":"<p>Une \u00e9ducation en anglais, un avenir bilingue ! Situ\u00e9e \u00e0 20 minutes au nord de Montr\u00e9al, la Commission scolaire Sir-Wilfrid-Laurier est la troisi\u00e8me commission scolaire anglophone en importance dans la province de Qu\u00e9bec et l&#8217;une des principales commissions scolaires anglophones et centres de services scolaires de la province. Son territoire s&#8217;\u00e9tend sur plus de 35&hellip;<\/p>\n","protected":false},"author":1,"featured_media":0,"parent":0,"menu_order":0,"comment_status":"closed","ping_status":"closed","template":"","meta":{"_acf_changed":false,"_relevanssi_hide_post":"","_relevanssi_hide_content":"","_relevanssi_pin_for_all":"","_relevanssi_pin_keywords":"","_relevanssi_unpin_keywords":"","_relevanssi_related_keywords":"","_relevanssi_related_include_ids":"","_relevanssi_related_exclude_ids":"","_relevanssi_related_no_append":"","_relevanssi_related_not_related":"","_relevanssi_related_posts":"2328","_relevanssi_noindex_reason":"","footnotes":""},"acf":[],"yoast_head":"<!-- This site is optimized with the Yoast SEO plugin v24.5 - https:\/\/yoast.com\/wordpress\/plugins\/seo\/ -->\n<title>A propos - International Student Program<\/title>\n<meta name=\"robots\" content=\"index, follow, max-snippet:-1, max-image-preview:large, max-video-preview:-1\" \/>\n<link rel=\"canonical\" href=\"https:\/\/isp.swlauriersb.qc.ca\/fr\/a-propos\/\" \/>\n<meta property=\"og:locale\" content=\"fr_CA\" \/>\n<meta property=\"og:type\" content=\"article\" \/>\n<meta property=\"og:title\" content=\"A propos - International Student Program\" \/>\n<meta property=\"og:description\" content=\"Une \u00e9ducation en anglais, un avenir bilingue ! Situ\u00e9e \u00e0 20 minutes au nord de Montr\u00e9al, la Commission scolaire Sir-Wilfrid-Laurier est la troisi\u00e8me commission scolaire anglophone en importance dans la province de Qu\u00e9bec et l&#8217;une des principales commissions scolaires anglophones et centres de services scolaires de la province. Son territoire s&#8217;\u00e9tend sur plus de 35&hellip;\" \/>\n<meta property=\"og:url\" content=\"https:\/\/isp.swlauriersb.qc.ca\/fr\/a-propos\/\" \/>\n<meta property=\"og:site_name\" content=\"International Student Program\" \/>\n<meta property=\"article:modified_time\" content=\"2024-12-10T22:05:32+00:00\" \/>\n<meta property=\"og:image\" content=\"https:\/\/isp.swlauriersb.qc.ca\/wp-content\/uploads\/sites\/41\/2024\/06\/SWLSB-logo-NEW-COLOR-1024x393.png\" \/>\n<meta name=\"twitter:card\" content=\"summary_large_image\" \/>\n<meta name=\"twitter:label1\" content=\"Estimation du temps de lecture\" \/>\n\t<meta name=\"twitter:data1\" content=\"3 minutes\" \/>\n<script type=\"application\/ld+json\" class=\"yoast-schema-graph\">{\"@context\":\"https:\/\/schema.org\",\"@graph\":[{\"@type\":\"WebPage\",\"@id\":\"https:\/\/isp.swlauriersb.qc.ca\/fr\/a-propos\/\",\"url\":\"https:\/\/isp.swlauriersb.qc.ca\/fr\/a-propos\/\",\"name\":\"A propos - International Student Program\",\"isPartOf\":{\"@id\":\"https:\/\/isp.swlauriersb.qc.ca\/fr\/#website\"},\"primaryImageOfPage\":{\"@id\":\"https:\/\/isp.swlauriersb.qc.ca\/fr\/a-propos\/#primaryimage\"},\"image\":{\"@id\":\"https:\/\/isp.swlauriersb.qc.ca\/fr\/a-propos\/#primaryimage\"},\"thumbnailUrl\":\"https:\/\/isp.swlauriersb.qc.ca\/wp-content\/uploads\/sites\/41\/2024\/06\/SWLSB-logo-NEW-COLOR-1024x393.png\",\"datePublished\":\"2024-05-23T13:43:11+00:00\",\"dateModified\":\"2024-12-10T22:05:32+00:00\",\"breadcrumb\":{\"@id\":\"https:\/\/isp.swlauriersb.qc.ca\/fr\/a-propos\/#breadcrumb\"},\"inLanguage\":\"fr-CA\",\"potentialAction\":[{\"@type\":\"ReadAction\",\"target\":[\"https:\/\/isp.swlauriersb.qc.ca\/fr\/a-propos\/\"]}]},{\"@type\":\"ImageObject\",\"inLanguage\":\"fr-CA\",\"@id\":\"https:\/\/isp.swlauriersb.qc.ca\/fr\/a-propos\/#primaryimage\",\"url\":\"https:\/\/isp.swlauriersb.qc.ca\/wp-content\/uploads\/sites\/41\/2024\/06\/SWLSB-logo-NEW-COLOR-1024x393.png\",\"contentUrl\":\"https:\/\/isp.swlauriersb.qc.ca\/wp-content\/uploads\/sites\/41\/2024\/06\/SWLSB-logo-NEW-COLOR-1024x393.png\"},{\"@type\":\"BreadcrumbList\",\"@id\":\"https:\/\/isp.swlauriersb.qc.ca\/fr\/a-propos\/#breadcrumb\",\"itemListElement\":[{\"@type\":\"ListItem\",\"position\":1,\"name\":\"Home\",\"item\":\"https:\/\/isp.swlauriersb.qc.ca\/fr\/\"},{\"@type\":\"ListItem\",\"position\":2,\"name\":\"A propos\"}]},{\"@type\":\"WebSite\",\"@id\":\"https:\/\/isp.swlauriersb.qc.ca\/fr\/#website\",\"url\":\"https:\/\/isp.swlauriersb.qc.ca\/fr\/\",\"name\":\"International Student Program\",\"description\":\"\",\"potentialAction\":[{\"@type\":\"SearchAction\",\"target\":{\"@type\":\"EntryPoint\",\"urlTemplate\":\"https:\/\/isp.swlauriersb.qc.ca\/fr\/?s={search_term_string}\"},\"query-input\":{\"@type\":\"PropertyValueSpecification\",\"valueRequired\":true,\"valueName\":\"search_term_string\"}}],\"inLanguage\":\"fr-CA\"}]}<\/script>\n<!-- \/ Yoast SEO plugin. -->","yoast_head_json":{"title":"A propos - International Student Program","robots":{"index":"index","follow":"follow","max-snippet":"max-snippet:-1","max-image-preview":"max-image-preview:large","max-video-preview":"max-video-preview:-1"},"canonical":"https:\/\/isp.swlauriersb.qc.ca\/fr\/a-propos\/","og_locale":"fr_CA","og_type":"article","og_title":"A propos - International Student Program","og_description":"Une \u00e9ducation en anglais, un avenir bilingue ! Situ\u00e9e \u00e0 20 minutes au nord de Montr\u00e9al, la Commission scolaire Sir-Wilfrid-Laurier est la troisi\u00e8me commission scolaire anglophone en importance dans la province de Qu\u00e9bec et l&#8217;une des principales commissions scolaires anglophones et centres de services scolaires de la province. Son territoire s&#8217;\u00e9tend sur plus de 35&hellip;","og_url":"https:\/\/isp.swlauriersb.qc.ca\/fr\/a-propos\/","og_site_name":"International Student Program","article_modified_time":"2024-12-10T22:05:32+00:00","og_image":[{"url":"https:\/\/isp.swlauriersb.qc.ca\/wp-content\/uploads\/sites\/41\/2024\/06\/SWLSB-logo-NEW-COLOR-1024x393.png","type":"","width":"","height":""}],"twitter_card":"summary_large_image","twitter_misc":{"Estimation du temps de lecture":"3 minutes"},"schema":{"@context":"https:\/\/schema.org","@graph":[{"@type":"WebPage","@id":"https:\/\/isp.swlauriersb.qc.ca\/fr\/a-propos\/","url":"https:\/\/isp.swlauriersb.qc.ca\/fr\/a-propos\/","name":"A propos - International Student Program","isPartOf":{"@id":"https:\/\/isp.swlauriersb.qc.ca\/fr\/#website"},"primaryImageOfPage":{"@id":"https:\/\/isp.swlauriersb.qc.ca\/fr\/a-propos\/#primaryimage"},"image":{"@id":"https:\/\/isp.swlauriersb.qc.ca\/fr\/a-propos\/#primaryimage"},"thumbnailUrl":"https:\/\/isp.swlauriersb.qc.ca\/wp-content\/uploads\/sites\/41\/2024\/06\/SWLSB-logo-NEW-COLOR-1024x393.png","datePublished":"2024-05-23T13:43:11+00:00","dateModified":"2024-12-10T22:05:32+00:00","breadcrumb":{"@id":"https:\/\/isp.swlauriersb.qc.ca\/fr\/a-propos\/#breadcrumb"},"inLanguage":"fr-CA","potentialAction":[{"@type":"ReadAction","target":["https:\/\/isp.swlauriersb.qc.ca\/fr\/a-propos\/"]}]},{"@type":"ImageObject","inLanguage":"fr-CA","@id":"https:\/\/isp.swlauriersb.qc.ca\/fr\/a-propos\/#primaryimage","url":"https:\/\/isp.swlauriersb.qc.ca\/wp-content\/uploads\/sites\/41\/2024\/06\/SWLSB-logo-NEW-COLOR-1024x393.png","contentUrl":"https:\/\/isp.swlauriersb.qc.ca\/wp-content\/uploads\/sites\/41\/2024\/06\/SWLSB-logo-NEW-COLOR-1024x393.png"},{"@type":"BreadcrumbList","@id":"https:\/\/isp.swlauriersb.qc.ca\/fr\/a-propos\/#breadcrumb","itemListElement":[{"@type":"ListItem","position":1,"name":"Home","item":"https:\/\/isp.swlauriersb.qc.ca\/fr\/"},{"@type":"ListItem","position":2,"name":"A propos"}]},{"@type":"WebSite","@id":"https:\/\/isp.swlauriersb.qc.ca\/fr\/#website","url":"https:\/\/isp.swlauriersb.qc.ca\/fr\/","name":"International Student Program","description":"","potentialAction":[{"@type":"SearchAction","target":{"@type":"EntryPoint","urlTemplate":"https:\/\/isp.swlauriersb.qc.ca\/fr\/?s={search_term_string}"},"query-input":{"@type":"PropertyValueSpecification","valueRequired":true,"valueName":"search_term_string"}}],"inLanguage":"fr-CA"}]}},"_links":{"self":[{"href":"https:\/\/isp.swlauriersb.qc.ca\/fr\/wp-json\/wp\/v2\/pages\/2976"}],"collection":[{"href":"https:\/\/isp.swlauriersb.qc.ca\/fr\/wp-json\/wp\/v2\/pages"}],"about":[{"href":"https:\/\/isp.swlauriersb.qc.ca\/fr\/wp-json\/wp\/v2\/types\/page"}],"author":[{"embeddable":true,"href":"https:\/\/isp.swlauriersb.qc.ca\/fr\/wp-json\/wp\/v2\/users\/1"}],"replies":[{"embeddable":true,"href":"https:\/\/isp.swlauriersb.qc.ca\/fr\/wp-json\/wp\/v2\/comments?post=2976"}],"version-history":[{"count":2,"href":"https:\/\/isp.swlauriersb.qc.ca\/fr\/wp-json\/wp\/v2\/pages\/2976\/revisions"}],"predecessor-version":[{"id":3045,"href":"https:\/\/isp.swlauriersb.qc.ca\/fr\/wp-json\/wp\/v2\/pages\/2976\/revisions\/3045"}],"wp:attachment":[{"href":"https:\/\/isp.swlauriersb.qc.ca\/fr\/wp-json\/wp\/v2\/media?parent=2976"}],"curies":[{"name":"wp","href":"https:\/\/api.w.org\/{rel}","templated":true}]}}