{"id":2978,"date":"2024-05-23T09:44:00","date_gmt":"2024-05-23T13:44:00","guid":{"rendered":"https:\/\/isp.swlauriersb.qc.ca\/a-propos\/our-regions\/"},"modified":"2024-12-11T11:09:01","modified_gmt":"2024-12-11T16:09:01","slug":"nos-regions","status":"publish","type":"page","link":"https:\/\/isp.swlauriersb.qc.ca\/fr\/a-propos\/nos-regions\/","title":{"rendered":"Nos r\u00e9gions"},"content":{"rendered":"\n<h3 class=\"wp-block-heading has-teal-500-color has-text-color has-link-color wp-elements-b057b77fa36ab0e7283293001f0b89f2\"><strong>LAVAL<\/strong><\/h3>\n\n\n\n<p class=\"is-style-default\">Cette r\u00e9gion est connue pour sa vie communautaire, c&#8217;est une ville attrayante qui offre une culture riche et diversifi\u00e9e avec beaucoup d&#8217;espaces verts, de parcs et de fronts de mer \u00e0 admirer. Laval n&#8217;est qu&#8217;\u00e0 une courte distance en voiture de Montr\u00e9al, et les options de transport en commun sont plus qu&#8217;abondantes. Montr\u00e9al est facilement accessible par train de banlieue, bus et m\u00e9tro. Laval poss\u00e8de \u00e9galement son propre syst\u00e8me de transport en commun, ce qui vous permet de vous rendre facilement l\u00e0 o\u00f9 vous le souhaitez.<\/p>\n\n\n\n<p>Laval est une ville s\u00fbre o\u00f9 il fait bon vivre et son patrimoine naturel, compos\u00e9 de bords de mer et de for\u00eats, offre une multitude d&#8217;activit\u00e9s. C&#8217;est un endroit id\u00e9al pour les \u00e9tudiants internationaux qui souhaitent apprendre l&#8217;anglais et d\u00e9couvrir le mode de vie qu\u00e9b\u00e9cois.<\/p>\n\n\n\n<p class=\"is-style-suptitle\" style=\"padding-top:var(--wp--preset--spacing--20);padding-bottom:var(--wp--preset--spacing--20)\"><strong>\u00c9coles PRIMAIRES<\/strong><\/p>\n\n\n\n<p class=\"is-style-suptitle\" style=\"padding-top:var(--wp--preset--spacing--20);padding-bottom:var(--wp--preset--spacing--20)\"><strong>\u00c9coles secondaires<\/strong><\/p>\n\n\n\n<p class=\"is-style-suptitle\" style=\"padding-top:var(--wp--preset--spacing--20);padding-right:0;padding-bottom:var(--wp--preset--spacing--20);padding-left:0\"><strong>Formation professionnelle<\/strong><\/p>\n\n\n\n<p>Visitez <strong><a href=\"http:\/\/www.tourismelaval.com\/en#\/tab\/evenements\" data-type=\"link\" data-id=\"http:\/\/www.tourismelaval.com\/en#\/tab\/evenements\">Tourisme Laval<\/a> <\/strong>pour d\u00e9couvrir ce qui est offert en mati\u00e8re de vie communautaire, de services, d&#8217;activit\u00e9s, d&#8217;arts et de culture et d&#8217;environnement.<\/p>\n\n\n\n<h3 class=\"wp-block-heading has-teal-500-color has-text-color has-link-color wp-elements-9b81108245ba44cc89e34df91f05e6a3\"><strong>LANAUDI\u00c8RE<\/strong><\/h3>\n\n\n\n<p>Lanaudi\u00e8re est reconnue pour son caract\u00e8re artistique et festif. La ville de Joliette est situ\u00e9e imm\u00e9diatement au nord-est de Montr\u00e9al. Que vous aimiez le th\u00e9\u00e2tre ou les arts, la nature ou l&#8217;histoire, il y en a pour tous les go\u00fbts. On y trouve de nombreuses cabanes \u00e0 sucre o\u00f9 les familles aiment go\u00fbter \u00e0 la cuisine campagnarde. Tout au long de l&#8217;ann\u00e9e, des pi\u00e8ces de th\u00e9\u00e2tre sont jou\u00e9es et si vous \u00eates m\u00e9lomane, vous pouvez profiter du festival de musique annuel. D\u00e9couvrez des villages pittoresques, des r\u00e9gions \u00e0 flanc de colline et des paysages dont la beaut\u00e9 naturelle est rest\u00e9e intacte. Vous pouvez faire du v\u00e9lo dans les vall\u00e9es, visiter les parcs et les terrains de jeux et profiter du plein air. Vous pouvez \u00e9galement pratiquer des activit\u00e9s de plein air en \u00e9t\u00e9 ou en hiver, telles que l&#8217;\u00e9quitation, le cano\u00eb, le golf, la randonn\u00e9e, l&#8217;escalade, le ski de fond, les raquettes et le tra\u00eeneau \u00e0 chiens.<\/p>\n\n\n\n<p class=\"is-style-suptitle\" style=\"padding-top:var(--wp--preset--spacing--20);padding-bottom:var(--wp--preset--spacing--20)\"><strong>\u00c9coles PRIMAIRES<\/strong><\/p>\n\n\n\n<p class=\"is-style-suptitle\" style=\"padding-top:var(--wp--preset--spacing--20);padding-bottom:var(--wp--preset--spacing--20)\"><strong><strong>\u00c9coles secondaires<\/strong><\/strong><\/p>\n\n\n\n<p>Visitez <a href=\"http:\/\/www.lanaudiere.ca\/en\/\"><strong>Tourisme Lanaudiere<\/strong><\/a> pour d\u00e9couvrir ce qui est offert en mati\u00e8re de vie communautaire, de services, d&#8217;activit\u00e9s, d&#8217;arts et de culture et d&#8217;environnement.<\/p>\n\n\n\n<h3 class=\"wp-block-heading has-teal-500-color has-text-color has-link-color wp-elements-0fd0ff12c4ea67822811c5849c8829c8\"><strong>LAURENTIDES<\/strong><\/h3>\n\n\n\n<p>La r\u00e9gion des Laurentides, situ\u00e9e \u00e0 20 kilom\u00e8tres au nord de Montr\u00e9al, est connue pour ses villages pittoresques et c\u00e9l\u00e8bre pour son majestueux Mont-Tremblant. Il existe de nombreuses activit\u00e9s de plein air pour tous les \u00e2ges, tout au long de l&#8217;ann\u00e9e. Parmi ces activit\u00e9s, citons la cueillette de pommes, le ski alpin et le ski de fond, le ski de nuit, le golf, la gastronomie, la natation, le cyclisme, la randonn\u00e9e et la glissade d&#8217;eau. Les Laurentides disposent \u00e9galement d&#8217;une piste cyclable de classe mondiale qui traverse toute la r\u00e9gion et qui est situ\u00e9e \u00e0 l&#8217;\u00e9cart de la route. Les cyclistes l&#8217;empruntent en \u00e9t\u00e9 et les skieurs de fond en hiver. Il existe de nombreux parcs aquatiques, lacs et parcs que les touristes et les familles qu\u00e9b\u00e9coises appr\u00e9cient lors de leurs escapades de fin de semaine ou de leurs vacances d&#8217;\u00e9t\u00e9 ou d&#8217;hiver.<\/p>\n\n\n\n<p class=\"is-style-suptitle\" style=\"padding-top:var(--wp--preset--spacing--20);padding-bottom:var(--wp--preset--spacing--20)\"><strong>\u00c9coles PRIMAIRES<\/strong><\/p>\n\n\n\n<p class=\"is-style-suptitle\" style=\"padding-top:var(--wp--preset--spacing--20);padding-bottom:var(--wp--preset--spacing--20)\"><strong>\u00c9coles secondaires<\/strong><\/p>\n\n\n\n<p class=\"is-style-suptitle\" style=\"padding-top:var(--wp--preset--spacing--20);padding-right:0;padding-bottom:var(--wp--preset--spacing--20);padding-left:0\"><strong>Formation professionnelle<\/strong><\/p>\n\n\n\n<p class=\"is-style-suptitle\" style=\"padding-top:var(--wp--preset--spacing--30);padding-bottom:var(--wp--preset--spacing--30)\"><strong>Centre de la nature et des sciences d&#8217;Arundel<\/strong><\/p>\n\n\n\n<p style=\"padding-top:0;padding-bottom:0\">La Commission scolaire Sir-Wilfrid-Laurier est la seule commission scolaire de la province \u00e0 poss\u00e9der une grande installation naturelle qui offre des programmes d&#8217;\u00e9ducation environnementale en plein air. Situ\u00e9 sur 155 hectares de beaut\u00e9 naturelle au c\u0153ur des Laurentides, le <a href=\"https:\/\/www.swlauriersb.qc.ca\/en\/schools\/arundel-nature-and-science-centre\/\" target=\"_blank\" rel=\"noreferrer noopener\"><strong>Centre des sciences et de la nature d&#8217;Arundel<\/strong><\/a> est une installation unique qui offre aux personnes de tous \u00e2ges la possibilit\u00e9 d&#8217;apprendre en plein air. Des b\u00e2timents authentiques datant des ann\u00e9es 1800, des acres de for\u00eat magnifique, des sentiers de randonn\u00e9e et de ski de fond, une v\u00e9ritable \u00ab cabane \u00e0 sucre \u00bb et la rivi\u00e8re Rouge &#8211; tout cela fait partie de l&#8217;exp\u00e9rience qui vous attend !<\/p>\n\n\n\n<p>Visitez <a href=\"https:\/\/www.laurentides.com\/en\"><strong>Tourisme Laurentides<\/strong><\/a>&nbsp; pour d\u00e9couvrir ce qui est offert en mati\u00e8re de vie communautaire, de services, d&#8217;activit\u00e9s, d&#8217;arts et de culture et d&#8217;environnement.<\/p>\n","protected":false},"excerpt":{"rendered":"<p>LAVAL Cette r\u00e9gion est connue pour sa vie communautaire, c&#8217;est une ville attrayante qui offre une culture riche et diversifi\u00e9e avec beaucoup d&#8217;espaces verts, de parcs et de fronts de mer \u00e0 admirer. Laval n&#8217;est qu&#8217;\u00e0 une courte distance en voiture de Montr\u00e9al, et les options de transport en commun sont plus qu&#8217;abondantes. Montr\u00e9al est&hellip;<\/p>\n","protected":false},"author":1,"featured_media":0,"parent":2976,"menu_order":0,"comment_status":"closed","ping_status":"closed","template":"","meta":{"_acf_changed":false,"_relevanssi_hide_post":"","_relevanssi_hide_content":"","_relevanssi_pin_for_all":"","_relevanssi_pin_keywords":"","_relevanssi_unpin_keywords":"","_relevanssi_related_keywords":"","_relevanssi_related_include_ids":"","_relevanssi_related_exclude_ids":"","_relevanssi_related_no_append":"","_relevanssi_related_not_related":"","_relevanssi_related_posts":"2328,2924","_relevanssi_noindex_reason":"","footnotes":""},"acf":[],"yoast_head":"<!-- This site is optimized with the Yoast SEO plugin v24.5 - https:\/\/yoast.com\/wordpress\/plugins\/seo\/ -->\n<title>Nos r\u00e9gions - International Student Program<\/title>\n<meta name=\"robots\" content=\"index, follow, max-snippet:-1, max-image-preview:large, max-video-preview:-1\" \/>\n<link rel=\"canonical\" href=\"https:\/\/isp.swlauriersb.qc.ca\/fr\/a-propos\/nos-regions\/\" \/>\n<meta property=\"og:locale\" content=\"fr_CA\" \/>\n<meta property=\"og:type\" content=\"article\" \/>\n<meta property=\"og:title\" content=\"Nos r\u00e9gions - International Student Program\" \/>\n<meta property=\"og:description\" content=\"LAVAL Cette r\u00e9gion est connue pour sa vie communautaire, c&#8217;est une ville attrayante qui offre une culture riche et diversifi\u00e9e avec beaucoup d&#8217;espaces verts, de parcs et de fronts de mer \u00e0 admirer. Laval n&#8217;est qu&#8217;\u00e0 une courte distance en voiture de Montr\u00e9al, et les options de transport en commun sont plus qu&#8217;abondantes. Montr\u00e9al est&hellip;\" \/>\n<meta property=\"og:url\" content=\"https:\/\/isp.swlauriersb.qc.ca\/fr\/a-propos\/nos-regions\/\" \/>\n<meta property=\"og:site_name\" content=\"International Student Program\" \/>\n<meta property=\"article:modified_time\" content=\"2024-12-11T16:09:01+00:00\" \/>\n<meta name=\"twitter:card\" content=\"summary_large_image\" \/>\n<meta name=\"twitter:label1\" content=\"Estimation du temps de lecture\" \/>\n\t<meta name=\"twitter:data1\" content=\"3 minutes\" \/>\n<script type=\"application\/ld+json\" class=\"yoast-schema-graph\">{\"@context\":\"https:\/\/schema.org\",\"@graph\":[{\"@type\":\"WebPage\",\"@id\":\"https:\/\/isp.swlauriersb.qc.ca\/fr\/a-propos\/nos-regions\/\",\"url\":\"https:\/\/isp.swlauriersb.qc.ca\/fr\/a-propos\/nos-regions\/\",\"name\":\"Nos r\u00e9gions - International Student Program\",\"isPartOf\":{\"@id\":\"https:\/\/isp.swlauriersb.qc.ca\/fr\/#website\"},\"datePublished\":\"2024-05-23T13:44:00+00:00\",\"dateModified\":\"2024-12-11T16:09:01+00:00\",\"breadcrumb\":{\"@id\":\"https:\/\/isp.swlauriersb.qc.ca\/fr\/a-propos\/nos-regions\/#breadcrumb\"},\"inLanguage\":\"fr-CA\",\"potentialAction\":[{\"@type\":\"ReadAction\",\"target\":[\"https:\/\/isp.swlauriersb.qc.ca\/fr\/a-propos\/nos-regions\/\"]}]},{\"@type\":\"BreadcrumbList\",\"@id\":\"https:\/\/isp.swlauriersb.qc.ca\/fr\/a-propos\/nos-regions\/#breadcrumb\",\"itemListElement\":[{\"@type\":\"ListItem\",\"position\":1,\"name\":\"Home\",\"item\":\"https:\/\/isp.swlauriersb.qc.ca\/fr\/\"},{\"@type\":\"ListItem\",\"position\":2,\"name\":\"A propos\",\"item\":\"https:\/\/isp.swlauriersb.qc.ca\/fr\/a-propos\/\"},{\"@type\":\"ListItem\",\"position\":3,\"name\":\"Nos r\u00e9gions\"}]},{\"@type\":\"WebSite\",\"@id\":\"https:\/\/isp.swlauriersb.qc.ca\/fr\/#website\",\"url\":\"https:\/\/isp.swlauriersb.qc.ca\/fr\/\",\"name\":\"International Student Program\",\"description\":\"\",\"potentialAction\":[{\"@type\":\"SearchAction\",\"target\":{\"@type\":\"EntryPoint\",\"urlTemplate\":\"https:\/\/isp.swlauriersb.qc.ca\/fr\/?s={search_term_string}\"},\"query-input\":{\"@type\":\"PropertyValueSpecification\",\"valueRequired\":true,\"valueName\":\"search_term_string\"}}],\"inLanguage\":\"fr-CA\"}]}<\/script>\n<!-- \/ Yoast SEO plugin. -->","yoast_head_json":{"title":"Nos r\u00e9gions - International Student Program","robots":{"index":"index","follow":"follow","max-snippet":"max-snippet:-1","max-image-preview":"max-image-preview:large","max-video-preview":"max-video-preview:-1"},"canonical":"https:\/\/isp.swlauriersb.qc.ca\/fr\/a-propos\/nos-regions\/","og_locale":"fr_CA","og_type":"article","og_title":"Nos r\u00e9gions - International Student Program","og_description":"LAVAL Cette r\u00e9gion est connue pour sa vie communautaire, c&#8217;est une ville attrayante qui offre une culture riche et diversifi\u00e9e avec beaucoup d&#8217;espaces verts, de parcs et de fronts de mer \u00e0 admirer. Laval n&#8217;est qu&#8217;\u00e0 une courte distance en voiture de Montr\u00e9al, et les options de transport en commun sont plus qu&#8217;abondantes. Montr\u00e9al est&hellip;","og_url":"https:\/\/isp.swlauriersb.qc.ca\/fr\/a-propos\/nos-regions\/","og_site_name":"International Student Program","article_modified_time":"2024-12-11T16:09:01+00:00","twitter_card":"summary_large_image","twitter_misc":{"Estimation du temps de lecture":"3 minutes"},"schema":{"@context":"https:\/\/schema.org","@graph":[{"@type":"WebPage","@id":"https:\/\/isp.swlauriersb.qc.ca\/fr\/a-propos\/nos-regions\/","url":"https:\/\/isp.swlauriersb.qc.ca\/fr\/a-propos\/nos-regions\/","name":"Nos r\u00e9gions - International Student Program","isPartOf":{"@id":"https:\/\/isp.swlauriersb.qc.ca\/fr\/#website"},"datePublished":"2024-05-23T13:44:00+00:00","dateModified":"2024-12-11T16:09:01+00:00","breadcrumb":{"@id":"https:\/\/isp.swlauriersb.qc.ca\/fr\/a-propos\/nos-regions\/#breadcrumb"},"inLanguage":"fr-CA","potentialAction":[{"@type":"ReadAction","target":["https:\/\/isp.swlauriersb.qc.ca\/fr\/a-propos\/nos-regions\/"]}]},{"@type":"BreadcrumbList","@id":"https:\/\/isp.swlauriersb.qc.ca\/fr\/a-propos\/nos-regions\/#breadcrumb","itemListElement":[{"@type":"ListItem","position":1,"name":"Home","item":"https:\/\/isp.swlauriersb.qc.ca\/fr\/"},{"@type":"ListItem","position":2,"name":"A propos","item":"https:\/\/isp.swlauriersb.qc.ca\/fr\/a-propos\/"},{"@type":"ListItem","position":3,"name":"Nos r\u00e9gions"}]},{"@type":"WebSite","@id":"https:\/\/isp.swlauriersb.qc.ca\/fr\/#website","url":"https:\/\/isp.swlauriersb.qc.ca\/fr\/","name":"International Student Program","description":"","potentialAction":[{"@type":"SearchAction","target":{"@type":"EntryPoint","urlTemplate":"https:\/\/isp.swlauriersb.qc.ca\/fr\/?s={search_term_string}"},"query-input":{"@type":"PropertyValueSpecification","valueRequired":true,"valueName":"search_term_string"}}],"inLanguage":"fr-CA"}]}},"_links":{"self":[{"href":"https:\/\/isp.swlauriersb.qc.ca\/fr\/wp-json\/wp\/v2\/pages\/2978"}],"collection":[{"href":"https:\/\/isp.swlauriersb.qc.ca\/fr\/wp-json\/wp\/v2\/pages"}],"about":[{"href":"https:\/\/isp.swlauriersb.qc.ca\/fr\/wp-json\/wp\/v2\/types\/page"}],"author":[{"embeddable":true,"href":"https:\/\/isp.swlauriersb.qc.ca\/fr\/wp-json\/wp\/v2\/users\/1"}],"replies":[{"embeddable":true,"href":"https:\/\/isp.swlauriersb.qc.ca\/fr\/wp-json\/wp\/v2\/comments?post=2978"}],"version-history":[{"count":6,"href":"https:\/\/isp.swlauriersb.qc.ca\/fr\/wp-json\/wp\/v2\/pages\/2978\/revisions"}],"predecessor-version":[{"id":3096,"href":"https:\/\/isp.swlauriersb.qc.ca\/fr\/wp-json\/wp\/v2\/pages\/2978\/revisions\/3096"}],"up":[{"embeddable":true,"href":"https:\/\/isp.swlauriersb.qc.ca\/fr\/wp-json\/wp\/v2\/pages\/2976"}],"wp:attachment":[{"href":"https:\/\/isp.swlauriersb.qc.ca\/fr\/wp-json\/wp\/v2\/media?parent=2978"}],"curies":[{"name":"wp","href":"https:\/\/api.w.org\/{rel}","templated":true}]}}