{"id":2983,"date":"2024-06-20T10:28:01","date_gmt":"2024-06-20T14:28:01","guid":{"rendered":"https:\/\/isp.swlauriersb.qc.ca\/home\/vocational-training\/"},"modified":"2025-01-22T11:45:48","modified_gmt":"2025-01-22T16:45:48","slug":"formation-professionnelle","status":"publish","type":"page","link":"https:\/\/isp.swlauriersb.qc.ca\/fr\/home\/formation-professionnelle\/","title":{"rendered":"Formation professionnelle"},"content":{"rendered":"\n<p><strong>Bienvenue au programme de formation professionnelle de la Commission scolaire Sir-Wilfrid-Laurier<\/strong>, o\u00f9 les \u00e9tudiants \u00e9trangers peuvent poursuivre une \u00e9ducation pratique et ax\u00e9e sur la carri\u00e8re au Qu\u00e9bec, Canada. <a href=\"https:\/\/isp.swlauriersb.qc.ca\/fr\/home\/formation-professionnelle\/nos-programmes\/\" data-type=\"page\" data-id=\"2985\">Nos programmes<\/a> sont con\u00e7us pour permettre aux \u00e9tudiants d&#8217;acqu\u00e9rir des comp\u00e9tences pratiques et des certifications reconnues par l&#8217;industrie dans des domaines tels que les soins de sant\u00e9, les affaires, la technologie et les m\u00e9tiers sp\u00e9cialis\u00e9s. Gr\u00e2ce \u00e0 un enseignement dispens\u00e9 par des experts, \u00e0 des installations modernes et \u00e0 une exp\u00e9rience du monde r\u00e9el, nous pr\u00e9parons les \u00e9tudiants \u00e0 des carri\u00e8res r\u00e9ussies sur le march\u00e9 du travail comp\u00e9titif d&#8217;aujourd&#8217;hui. Rejoignez notre communaut\u00e9 d&#8217;apprentissage dynamique, immergez-vous dans la culture canadienne et faites le premier pas vers un avenir professionnel brillant avec nous.<\/p>\n\n\n\n<p>Nous disposons d&#8217;une \u00e9quipe de professionnels d\u00e9vou\u00e9s qui vous rencontrent individuellement pour discuter de vos objectifs de carri\u00e8re et \u00e9laborer un plan de r\u00e9ussite individualis\u00e9 qui vous permettra de passer directement de l&#8217;apprentissage au monde du travail.<\/p>\n\n\n\n<h2 class=\"wp-block-heading has-text-align-left has-teal-600-color has-text-color has-link-color wp-elements-750b8b23cf3b682556071d175b048970\"><strong>Centres<\/strong><\/h2>\n\n\n\n<div class=\"wp-block-columns is-layout-flex wp-container-core-columns-is-layout-3 wp-block-columns-is-layout-flex\">\n<div class=\"wp-block-column is-layout-flow wp-block-column-is-layout-flow\">\n<div class=\"wp-block-columns alignwide is-layout-flex wp-container-core-columns-is-layout-1 wp-block-columns-is-layout-flex\" style=\"margin-bottom:0\">\n<div class=\"wp-block-column has-text-color has-background has-link-color wp-elements-52c134569d74f1bcd6b6e4b84a361d19 is-layout-flow wp-block-column-is-layout-flow\" style=\"color:#000000;background-color:#e0e0dd;padding-top:2em;padding-right:2em;padding-bottom:2em;padding-left:2em\">\n<h2 class=\"wp-block-heading is-style-default\" id=\"patron\" style=\"font-size:40px\"><strong>CDC Pont-Viau<\/strong><\/h2>\n\n\n\n<p class=\"has-normal-font-size\">Apprendre \u00e0 gagner.<\/p>\n\n\n\n<hr class=\"wp-block-separator has-css-opacity is-style-wide\" \/>\n\n\n\n<ul class=\"has-normal-font-size\">\n<li>Le CDC Pont-Viau est situ\u00e9 \u00e0 Laval, \u00e0 quelques pas de la station de m\u00e9tro Cartier.<\/li>\n\n\n\n<li>Notre centre offre une vari\u00e9t\u00e9 de programmes de formation professionnelle dans les domaines de la sant\u00e9, de la technologie, de l&#8217;administration, du b\u00e2timent et des travaux publics.<\/li>\n\n\n\n<li>Les programmes conduisent \u00e0 un dipl\u00f4me d&#8217;\u00e9tudes professionnelles (DEP) ou \u00e0 une attestation de sp\u00e9cialisation professionnelle (ASP) d\u00e9livr\u00e9s par le minist\u00e8re de l&#8217;\u00c9ducation du Qu\u00e9bec.<\/li>\n<\/ul>\n\n\n\n<div class=\"wp-block-buttons alignfull is-horizontal is-content-justification-center is-layout-flex wp-container-core-buttons-is-layout-1 wp-block-buttons-is-layout-flex\">\n<div class=\"wp-block-button has-custom-width wp-block-button__width-100\"><a class=\"wp-block-button__link has-white-color has-text-color has-background no-border-radius wp-element-button\" href=\"https:\/\/cdcpontviau.swlauriersb.qc.ca\/fr\/\" style=\"background-color:#000000\">VOIR LE SITE WEB<i class=\"icon-arrow-left\"><\/i><\/a><\/div>\n<\/div>\n<\/div>\n<\/div>\n<\/div>\n\n\n\n<div class=\"wp-block-column is-layout-flow wp-block-column-is-layout-flow\">\n<div class=\"wp-block-columns alignwide is-layout-flex wp-container-core-columns-is-layout-2 wp-block-columns-is-layout-flex\" style=\"margin-bottom:0\">\n<div class=\"wp-block-column has-text-color has-background has-link-color wp-elements-b0faf1091380c15bc5e67ace0914d9ea is-layout-flow wp-block-column-is-layout-flow\" style=\"color:#000000;background-color:#cfecf6;padding-top:2em;padding-right:2em;padding-bottom:2em;padding-left:2em\">\n<h2 class=\"wp-block-heading\" id=\"family\" style=\"font-size:40px\"><strong><strong>Construc-Plus<\/strong><\/strong><\/h2>\n\n\n\n<p class=\"has-normal-font-size\" style=\"line-height:1.5\"><strong><em><strong>Construire son avenir<\/strong><\/em><\/strong>. <em><a href=\"https:\/\/my.matterport.com\/show\/?m=8jrDJ1cvWvT\" target=\"_blank\" rel=\"noreferrer noopener\">Tour virtuel<\/a><\/em><\/p>\n\n\n\n<hr class=\"wp-block-separator has-css-opacity is-style-wide\" \/>\n\n\n\n<ul class=\"has-normal-font-size\">\n<li>Situ\u00e9 \u00e0 Saint-Eustache, une banlieue excentr\u00e9e de Montr\u00e9al, \u00e0 35 km au nord-ouest de Montr\u00e9al.<\/li>\n\n\n\n<li>Notre centre offre les programmes suivants : Peinture commerciale et r\u00e9sidentielle, soudage et ajustage, plomberie et chauffage, pr\u00e9paration et finition du b\u00e9ton.<\/li>\n\n\n\n<li>Les programmes conduisent \u00e0 un dipl\u00f4me d&#8217;\u00e9tudes professionnelles (DEP) ou \u00e0 une attestation de sp\u00e9cialisation professionnelle (ASP) d\u00e9livr\u00e9s par le minist\u00e8re de l&#8217;\u00c9ducation du Qu\u00e9bec.<\/li>\n<\/ul>\n\n\n\n<div class=\"wp-block-buttons alignfull is-horizontal is-content-justification-center is-layout-flex wp-container-core-buttons-is-layout-2 wp-block-buttons-is-layout-flex\">\n<div class=\"wp-block-button has-custom-width wp-block-button__width-100 is-style-fill\"><a class=\"wp-block-button__link has-white-color has-text-color has-background no-border-radius wp-element-button\" href=\"https:\/\/construcplus.cssmi.qc.ca\/en\/\" style=\"background-color:#000000\" target=\"_blank\" rel=\"noreferrer noopener\">VOIR LE SITE WEB<i class=\"icon-arrow-left\"><\/i><\/a><\/div>\n<\/div>\n<\/div>\n<\/div>\n<\/div>\n<\/div>\n","protected":false},"excerpt":{"rendered":"<p>Bienvenue au programme de formation professionnelle de la Commission scolaire Sir-Wilfrid-Laurier, o\u00f9 les \u00e9tudiants \u00e9trangers peuvent poursuivre une \u00e9ducation pratique et ax\u00e9e sur la carri\u00e8re au Qu\u00e9bec, Canada. Nos programmes sont con\u00e7us pour permettre aux \u00e9tudiants d&#8217;acqu\u00e9rir des comp\u00e9tences pratiques et des certifications reconnues par l&#8217;industrie dans des domaines tels que les soins de sant\u00e9,&hellip;<\/p>\n","protected":false},"author":1,"featured_media":0,"parent":2968,"menu_order":0,"comment_status":"closed","ping_status":"closed","template":"","meta":{"_acf_changed":false,"_relevanssi_hide_post":"","_relevanssi_hide_content":"","_relevanssi_pin_for_all":"","_relevanssi_pin_keywords":"","_relevanssi_unpin_keywords":"","_relevanssi_related_keywords":"","_relevanssi_related_include_ids":"","_relevanssi_related_exclude_ids":"","_relevanssi_related_no_append":"","_relevanssi_related_not_related":"","_relevanssi_related_posts":"2328","_relevanssi_noindex_reason":"","footnotes":""},"acf":[],"yoast_head":"<!-- This site is optimized with the Yoast SEO plugin v24.5 - https:\/\/yoast.com\/wordpress\/plugins\/seo\/ -->\n<title>Formation professionnelle - International Student Program<\/title>\n<meta name=\"robots\" content=\"index, follow, max-snippet:-1, max-image-preview:large, max-video-preview:-1\" \/>\n<link rel=\"canonical\" href=\"https:\/\/isp.swlauriersb.qc.ca\/fr\/home\/formation-professionnelle\/\" \/>\n<meta property=\"og:locale\" content=\"fr_CA\" \/>\n<meta property=\"og:type\" content=\"article\" \/>\n<meta property=\"og:title\" content=\"Formation professionnelle - International Student Program\" \/>\n<meta property=\"og:description\" content=\"Bienvenue au programme de formation professionnelle de la Commission scolaire Sir-Wilfrid-Laurier, o\u00f9 les \u00e9tudiants \u00e9trangers peuvent poursuivre une \u00e9ducation pratique et ax\u00e9e sur la carri\u00e8re au Qu\u00e9bec, Canada. Nos programmes sont con\u00e7us pour permettre aux \u00e9tudiants d&#8217;acqu\u00e9rir des comp\u00e9tences pratiques et des certifications reconnues par l&#8217;industrie dans des domaines tels que les soins de sant\u00e9,&hellip;\" \/>\n<meta property=\"og:url\" content=\"https:\/\/isp.swlauriersb.qc.ca\/fr\/home\/formation-professionnelle\/\" \/>\n<meta property=\"og:site_name\" content=\"International Student Program\" \/>\n<meta property=\"article:modified_time\" content=\"2025-01-22T16:45:48+00:00\" \/>\n<meta name=\"twitter:card\" content=\"summary_large_image\" \/>\n<meta name=\"twitter:label1\" content=\"Estimation du temps de lecture\" \/>\n\t<meta name=\"twitter:data1\" content=\"2 minutes\" \/>\n<script type=\"application\/ld+json\" class=\"yoast-schema-graph\">{\"@context\":\"https:\/\/schema.org\",\"@graph\":[{\"@type\":\"WebPage\",\"@id\":\"https:\/\/isp.swlauriersb.qc.ca\/fr\/home\/formation-professionnelle\/\",\"url\":\"https:\/\/isp.swlauriersb.qc.ca\/fr\/home\/formation-professionnelle\/\",\"name\":\"Formation professionnelle - International Student Program\",\"isPartOf\":{\"@id\":\"https:\/\/isp.swlauriersb.qc.ca\/fr\/#website\"},\"datePublished\":\"2024-06-20T14:28:01+00:00\",\"dateModified\":\"2025-01-22T16:45:48+00:00\",\"breadcrumb\":{\"@id\":\"https:\/\/isp.swlauriersb.qc.ca\/fr\/home\/formation-professionnelle\/#breadcrumb\"},\"inLanguage\":\"fr-CA\",\"potentialAction\":[{\"@type\":\"ReadAction\",\"target\":[\"https:\/\/isp.swlauriersb.qc.ca\/fr\/home\/formation-professionnelle\/\"]}]},{\"@type\":\"BreadcrumbList\",\"@id\":\"https:\/\/isp.swlauriersb.qc.ca\/fr\/home\/formation-professionnelle\/#breadcrumb\",\"itemListElement\":[{\"@type\":\"ListItem\",\"position\":1,\"name\":\"Home\",\"item\":\"https:\/\/isp.swlauriersb.qc.ca\/fr\/\"},{\"@type\":\"ListItem\",\"position\":2,\"name\":\"Page d&#8217;accueil\",\"item\":\"https:\/\/isp.swlauriersb.qc.ca\/fr\/\"},{\"@type\":\"ListItem\",\"position\":3,\"name\":\"Formation professionnelle\"}]},{\"@type\":\"WebSite\",\"@id\":\"https:\/\/isp.swlauriersb.qc.ca\/fr\/#website\",\"url\":\"https:\/\/isp.swlauriersb.qc.ca\/fr\/\",\"name\":\"International Student Program\",\"description\":\"\",\"potentialAction\":[{\"@type\":\"SearchAction\",\"target\":{\"@type\":\"EntryPoint\",\"urlTemplate\":\"https:\/\/isp.swlauriersb.qc.ca\/fr\/?s={search_term_string}\"},\"query-input\":{\"@type\":\"PropertyValueSpecification\",\"valueRequired\":true,\"valueName\":\"search_term_string\"}}],\"inLanguage\":\"fr-CA\"}]}<\/script>\n<!-- \/ Yoast SEO plugin. -->","yoast_head_json":{"title":"Formation professionnelle - International Student Program","robots":{"index":"index","follow":"follow","max-snippet":"max-snippet:-1","max-image-preview":"max-image-preview:large","max-video-preview":"max-video-preview:-1"},"canonical":"https:\/\/isp.swlauriersb.qc.ca\/fr\/home\/formation-professionnelle\/","og_locale":"fr_CA","og_type":"article","og_title":"Formation professionnelle - International Student Program","og_description":"Bienvenue au programme de formation professionnelle de la Commission scolaire Sir-Wilfrid-Laurier, o\u00f9 les \u00e9tudiants \u00e9trangers peuvent poursuivre une \u00e9ducation pratique et ax\u00e9e sur la carri\u00e8re au Qu\u00e9bec, Canada. Nos programmes sont con\u00e7us pour permettre aux \u00e9tudiants d&#8217;acqu\u00e9rir des comp\u00e9tences pratiques et des certifications reconnues par l&#8217;industrie dans des domaines tels que les soins de sant\u00e9,&hellip;","og_url":"https:\/\/isp.swlauriersb.qc.ca\/fr\/home\/formation-professionnelle\/","og_site_name":"International Student Program","article_modified_time":"2025-01-22T16:45:48+00:00","twitter_card":"summary_large_image","twitter_misc":{"Estimation du temps de lecture":"2 minutes"},"schema":{"@context":"https:\/\/schema.org","@graph":[{"@type":"WebPage","@id":"https:\/\/isp.swlauriersb.qc.ca\/fr\/home\/formation-professionnelle\/","url":"https:\/\/isp.swlauriersb.qc.ca\/fr\/home\/formation-professionnelle\/","name":"Formation professionnelle - International Student Program","isPartOf":{"@id":"https:\/\/isp.swlauriersb.qc.ca\/fr\/#website"},"datePublished":"2024-06-20T14:28:01+00:00","dateModified":"2025-01-22T16:45:48+00:00","breadcrumb":{"@id":"https:\/\/isp.swlauriersb.qc.ca\/fr\/home\/formation-professionnelle\/#breadcrumb"},"inLanguage":"fr-CA","potentialAction":[{"@type":"ReadAction","target":["https:\/\/isp.swlauriersb.qc.ca\/fr\/home\/formation-professionnelle\/"]}]},{"@type":"BreadcrumbList","@id":"https:\/\/isp.swlauriersb.qc.ca\/fr\/home\/formation-professionnelle\/#breadcrumb","itemListElement":[{"@type":"ListItem","position":1,"name":"Home","item":"https:\/\/isp.swlauriersb.qc.ca\/fr\/"},{"@type":"ListItem","position":2,"name":"Page d&#8217;accueil","item":"https:\/\/isp.swlauriersb.qc.ca\/fr\/"},{"@type":"ListItem","position":3,"name":"Formation professionnelle"}]},{"@type":"WebSite","@id":"https:\/\/isp.swlauriersb.qc.ca\/fr\/#website","url":"https:\/\/isp.swlauriersb.qc.ca\/fr\/","name":"International Student Program","description":"","potentialAction":[{"@type":"SearchAction","target":{"@type":"EntryPoint","urlTemplate":"https:\/\/isp.swlauriersb.qc.ca\/fr\/?s={search_term_string}"},"query-input":{"@type":"PropertyValueSpecification","valueRequired":true,"valueName":"search_term_string"}}],"inLanguage":"fr-CA"}]}},"_links":{"self":[{"href":"https:\/\/isp.swlauriersb.qc.ca\/fr\/wp-json\/wp\/v2\/pages\/2983"}],"collection":[{"href":"https:\/\/isp.swlauriersb.qc.ca\/fr\/wp-json\/wp\/v2\/pages"}],"about":[{"href":"https:\/\/isp.swlauriersb.qc.ca\/fr\/wp-json\/wp\/v2\/types\/page"}],"author":[{"embeddable":true,"href":"https:\/\/isp.swlauriersb.qc.ca\/fr\/wp-json\/wp\/v2\/users\/1"}],"replies":[{"embeddable":true,"href":"https:\/\/isp.swlauriersb.qc.ca\/fr\/wp-json\/wp\/v2\/comments?post=2983"}],"version-history":[{"count":4,"href":"https:\/\/isp.swlauriersb.qc.ca\/fr\/wp-json\/wp\/v2\/pages\/2983\/revisions"}],"predecessor-version":[{"id":3162,"href":"https:\/\/isp.swlauriersb.qc.ca\/fr\/wp-json\/wp\/v2\/pages\/2983\/revisions\/3162"}],"up":[{"embeddable":true,"href":"https:\/\/isp.swlauriersb.qc.ca\/fr\/wp-json\/wp\/v2\/pages\/2968"}],"wp:attachment":[{"href":"https:\/\/isp.swlauriersb.qc.ca\/fr\/wp-json\/wp\/v2\/media?parent=2983"}],"curies":[{"name":"wp","href":"https:\/\/api.w.org\/{rel}","templated":true}]}}