{"id":2984,"date":"2024-11-01T15:01:19","date_gmt":"2024-11-01T19:01:19","guid":{"rendered":"https:\/\/isp.swlauriersb.qc.ca\/home\/vocational-training\/french-language-courses\/"},"modified":"2024-12-10T17:23:36","modified_gmt":"2024-12-10T22:23:36","slug":"cours-de-francais-gratuits","status":"publish","type":"page","link":"https:\/\/isp.swlauriersb.qc.ca\/fr\/home\/formation-professionnelle\/cours-de-francais-gratuits\/","title":{"rendered":"Cours de fran\u00e7ais gratuits"},"content":{"rendered":"\n<h2 class=\"wp-block-heading\">Apprendre le fran\u00e7ais<\/h2>\n\n\n\n<p>Veuillez noter que le gouvernement du Qu\u00e9bec offre des cours de fran\u00e7ais gratuits \u00e0 toutes les personnes \u00e2g\u00e9es de 16 ans et plus qui r\u00e9sident au Qu\u00e9bec, qui ne sont pas assujetties \u00e0 l&#8217;obligation scolaire et qui souhaitent recevoir des services d&#8217;apprentissage du fran\u00e7ais, ainsi qu&#8217;aux personnes qui envisagent de s&#8217;\u00e9tablir au Qu\u00e9bec.<\/p>\n\n\n\n<p>Les \u00e9tudiants peuvent choisir entre des sessions \u00e0 temps plein, \u00e0 temps partiel ou en ligne et auront droit \u00e0 une r\u00e9mun\u00e9ration mon\u00e9taire pour suivre ces cours.<\/p>\n\n\n\n<p>Ces cours peuvent faire l&#8217;objet d&#8217;une aide financi\u00e8re sous certaines conditions.<\/p>\n\n\n\n<p>Pour plus d&#8217;informations, veuillez cliquer <a href=\"https:\/\/www.quebec.ca\/en\/education\/learn-french\" data-type=\"link\" data-id=\"https:\/\/www.quebec.ca\/en\/education\/learn-french\">ici<\/a>.<\/p>\n","protected":false},"excerpt":{"rendered":"<p>Apprendre le fran\u00e7ais Veuillez noter que le gouvernement du Qu\u00e9bec offre des cours de fran\u00e7ais gratuits \u00e0 toutes les personnes \u00e2g\u00e9es de 16 ans et plus qui r\u00e9sident au Qu\u00e9bec, qui ne sont pas assujetties \u00e0 l&#8217;obligation scolaire et qui souhaitent recevoir des services d&#8217;apprentissage du fran\u00e7ais, ainsi qu&#8217;aux personnes qui envisagent de s&#8217;\u00e9tablir au&hellip;<\/p>\n","protected":false},"author":122,"featured_media":0,"parent":2983,"menu_order":0,"comment_status":"closed","ping_status":"closed","template":"","meta":{"_acf_changed":false,"_relevanssi_hide_post":"","_relevanssi_hide_content":"","_relevanssi_pin_for_all":"","_relevanssi_pin_keywords":"","_relevanssi_unpin_keywords":"","_relevanssi_related_keywords":"","_relevanssi_related_include_ids":"","_relevanssi_related_exclude_ids":"","_relevanssi_related_no_append":"","_relevanssi_related_not_related":"","_relevanssi_related_posts":"2328,2924","_relevanssi_noindex_reason":"","footnotes":""},"acf":[],"yoast_head":"<!-- This site is optimized with the Yoast SEO plugin v24.5 - https:\/\/yoast.com\/wordpress\/plugins\/seo\/ -->\n<title>Cours de fran\u00e7ais gratuits - International Student Program<\/title>\n<meta name=\"robots\" content=\"index, follow, max-snippet:-1, max-image-preview:large, max-video-preview:-1\" \/>\n<link rel=\"canonical\" href=\"https:\/\/isp.swlauriersb.qc.ca\/fr\/home\/formation-professionnelle\/cours-de-francais-gratuits\/\" \/>\n<meta property=\"og:locale\" content=\"fr_CA\" \/>\n<meta property=\"og:type\" content=\"article\" \/>\n<meta property=\"og:title\" content=\"Cours de fran\u00e7ais gratuits - International Student Program\" \/>\n<meta property=\"og:description\" content=\"Apprendre le fran\u00e7ais Veuillez noter que le gouvernement du Qu\u00e9bec offre des cours de fran\u00e7ais gratuits \u00e0 toutes les personnes \u00e2g\u00e9es de 16 ans et plus qui r\u00e9sident au Qu\u00e9bec, qui ne sont pas assujetties \u00e0 l&#8217;obligation scolaire et qui souhaitent recevoir des services d&#8217;apprentissage du fran\u00e7ais, ainsi qu&#8217;aux personnes qui envisagent de s&#8217;\u00e9tablir au&hellip;\" \/>\n<meta property=\"og:url\" content=\"https:\/\/isp.swlauriersb.qc.ca\/fr\/home\/formation-professionnelle\/cours-de-francais-gratuits\/\" \/>\n<meta property=\"og:site_name\" content=\"International Student Program\" \/>\n<meta property=\"article:modified_time\" content=\"2024-12-10T22:23:36+00:00\" \/>\n<meta name=\"twitter:card\" content=\"summary_large_image\" \/>\n<meta name=\"twitter:label1\" content=\"Estimation du temps de lecture\" \/>\n\t<meta name=\"twitter:data1\" content=\"1 minute\" \/>\n<script type=\"application\/ld+json\" class=\"yoast-schema-graph\">{\"@context\":\"https:\/\/schema.org\",\"@graph\":[{\"@type\":\"WebPage\",\"@id\":\"https:\/\/isp.swlauriersb.qc.ca\/fr\/home\/formation-professionnelle\/cours-de-francais-gratuits\/\",\"url\":\"https:\/\/isp.swlauriersb.qc.ca\/fr\/home\/formation-professionnelle\/cours-de-francais-gratuits\/\",\"name\":\"Cours de fran\u00e7ais gratuits - International Student Program\",\"isPartOf\":{\"@id\":\"https:\/\/isp.swlauriersb.qc.ca\/fr\/#website\"},\"datePublished\":\"2024-11-01T19:01:19+00:00\",\"dateModified\":\"2024-12-10T22:23:36+00:00\",\"breadcrumb\":{\"@id\":\"https:\/\/isp.swlauriersb.qc.ca\/fr\/home\/formation-professionnelle\/cours-de-francais-gratuits\/#breadcrumb\"},\"inLanguage\":\"fr-CA\",\"potentialAction\":[{\"@type\":\"ReadAction\",\"target\":[\"https:\/\/isp.swlauriersb.qc.ca\/fr\/home\/formation-professionnelle\/cours-de-francais-gratuits\/\"]}]},{\"@type\":\"BreadcrumbList\",\"@id\":\"https:\/\/isp.swlauriersb.qc.ca\/fr\/home\/formation-professionnelle\/cours-de-francais-gratuits\/#breadcrumb\",\"itemListElement\":[{\"@type\":\"ListItem\",\"position\":1,\"name\":\"Home\",\"item\":\"https:\/\/isp.swlauriersb.qc.ca\/fr\/\"},{\"@type\":\"ListItem\",\"position\":2,\"name\":\"Page d&#8217;accueil\",\"item\":\"https:\/\/isp.swlauriersb.qc.ca\/fr\/\"},{\"@type\":\"ListItem\",\"position\":3,\"name\":\"Formation professionnelle\",\"item\":\"https:\/\/isp.swlauriersb.qc.ca\/fr\/home\/formation-professionnelle\/\"},{\"@type\":\"ListItem\",\"position\":4,\"name\":\"Cours de fran\u00e7ais gratuits\"}]},{\"@type\":\"WebSite\",\"@id\":\"https:\/\/isp.swlauriersb.qc.ca\/fr\/#website\",\"url\":\"https:\/\/isp.swlauriersb.qc.ca\/fr\/\",\"name\":\"International Student Program\",\"description\":\"\",\"potentialAction\":[{\"@type\":\"SearchAction\",\"target\":{\"@type\":\"EntryPoint\",\"urlTemplate\":\"https:\/\/isp.swlauriersb.qc.ca\/fr\/?s={search_term_string}\"},\"query-input\":{\"@type\":\"PropertyValueSpecification\",\"valueRequired\":true,\"valueName\":\"search_term_string\"}}],\"inLanguage\":\"fr-CA\"}]}<\/script>\n<!-- \/ Yoast SEO plugin. -->","yoast_head_json":{"title":"Cours de fran\u00e7ais gratuits - International Student Program","robots":{"index":"index","follow":"follow","max-snippet":"max-snippet:-1","max-image-preview":"max-image-preview:large","max-video-preview":"max-video-preview:-1"},"canonical":"https:\/\/isp.swlauriersb.qc.ca\/fr\/home\/formation-professionnelle\/cours-de-francais-gratuits\/","og_locale":"fr_CA","og_type":"article","og_title":"Cours de fran\u00e7ais gratuits - International Student Program","og_description":"Apprendre le fran\u00e7ais Veuillez noter que le gouvernement du Qu\u00e9bec offre des cours de fran\u00e7ais gratuits \u00e0 toutes les personnes \u00e2g\u00e9es de 16 ans et plus qui r\u00e9sident au Qu\u00e9bec, qui ne sont pas assujetties \u00e0 l&#8217;obligation scolaire et qui souhaitent recevoir des services d&#8217;apprentissage du fran\u00e7ais, ainsi qu&#8217;aux personnes qui envisagent de s&#8217;\u00e9tablir au&hellip;","og_url":"https:\/\/isp.swlauriersb.qc.ca\/fr\/home\/formation-professionnelle\/cours-de-francais-gratuits\/","og_site_name":"International Student Program","article_modified_time":"2024-12-10T22:23:36+00:00","twitter_card":"summary_large_image","twitter_misc":{"Estimation du temps de lecture":"1 minute"},"schema":{"@context":"https:\/\/schema.org","@graph":[{"@type":"WebPage","@id":"https:\/\/isp.swlauriersb.qc.ca\/fr\/home\/formation-professionnelle\/cours-de-francais-gratuits\/","url":"https:\/\/isp.swlauriersb.qc.ca\/fr\/home\/formation-professionnelle\/cours-de-francais-gratuits\/","name":"Cours de fran\u00e7ais gratuits - International Student Program","isPartOf":{"@id":"https:\/\/isp.swlauriersb.qc.ca\/fr\/#website"},"datePublished":"2024-11-01T19:01:19+00:00","dateModified":"2024-12-10T22:23:36+00:00","breadcrumb":{"@id":"https:\/\/isp.swlauriersb.qc.ca\/fr\/home\/formation-professionnelle\/cours-de-francais-gratuits\/#breadcrumb"},"inLanguage":"fr-CA","potentialAction":[{"@type":"ReadAction","target":["https:\/\/isp.swlauriersb.qc.ca\/fr\/home\/formation-professionnelle\/cours-de-francais-gratuits\/"]}]},{"@type":"BreadcrumbList","@id":"https:\/\/isp.swlauriersb.qc.ca\/fr\/home\/formation-professionnelle\/cours-de-francais-gratuits\/#breadcrumb","itemListElement":[{"@type":"ListItem","position":1,"name":"Home","item":"https:\/\/isp.swlauriersb.qc.ca\/fr\/"},{"@type":"ListItem","position":2,"name":"Page d&#8217;accueil","item":"https:\/\/isp.swlauriersb.qc.ca\/fr\/"},{"@type":"ListItem","position":3,"name":"Formation professionnelle","item":"https:\/\/isp.swlauriersb.qc.ca\/fr\/home\/formation-professionnelle\/"},{"@type":"ListItem","position":4,"name":"Cours de fran\u00e7ais gratuits"}]},{"@type":"WebSite","@id":"https:\/\/isp.swlauriersb.qc.ca\/fr\/#website","url":"https:\/\/isp.swlauriersb.qc.ca\/fr\/","name":"International Student Program","description":"","potentialAction":[{"@type":"SearchAction","target":{"@type":"EntryPoint","urlTemplate":"https:\/\/isp.swlauriersb.qc.ca\/fr\/?s={search_term_string}"},"query-input":{"@type":"PropertyValueSpecification","valueRequired":true,"valueName":"search_term_string"}}],"inLanguage":"fr-CA"}]}},"_links":{"self":[{"href":"https:\/\/isp.swlauriersb.qc.ca\/fr\/wp-json\/wp\/v2\/pages\/2984"}],"collection":[{"href":"https:\/\/isp.swlauriersb.qc.ca\/fr\/wp-json\/wp\/v2\/pages"}],"about":[{"href":"https:\/\/isp.swlauriersb.qc.ca\/fr\/wp-json\/wp\/v2\/types\/page"}],"author":[{"embeddable":true,"href":"https:\/\/isp.swlauriersb.qc.ca\/fr\/wp-json\/wp\/v2\/users\/122"}],"replies":[{"embeddable":true,"href":"https:\/\/isp.swlauriersb.qc.ca\/fr\/wp-json\/wp\/v2\/comments?post=2984"}],"version-history":[{"count":2,"href":"https:\/\/isp.swlauriersb.qc.ca\/fr\/wp-json\/wp\/v2\/pages\/2984\/revisions"}],"predecessor-version":[{"id":3054,"href":"https:\/\/isp.swlauriersb.qc.ca\/fr\/wp-json\/wp\/v2\/pages\/2984\/revisions\/3054"}],"up":[{"embeddable":true,"href":"https:\/\/isp.swlauriersb.qc.ca\/fr\/wp-json\/wp\/v2\/pages\/2983"}],"wp:attachment":[{"href":"https:\/\/isp.swlauriersb.qc.ca\/fr\/wp-json\/wp\/v2\/media?parent=2984"}],"curies":[{"name":"wp","href":"https:\/\/api.w.org\/{rel}","templated":true}]}}