{"id":2988,"date":"2024-05-23T09:44:35","date_gmt":"2024-05-23T13:44:35","guid":{"rendered":"https:\/\/isp.swlauriersb.qc.ca\/home\/youth\/"},"modified":"2024-12-11T11:14:50","modified_gmt":"2024-12-11T16:14:50","slug":"jeunesse","status":"publish","type":"page","link":"https:\/\/isp.swlauriersb.qc.ca\/fr\/jeunesse\/","title":{"rendered":"Jeunesse"},"content":{"rendered":"\n<p>Bienvenue au <strong>programme jeunesse de la Commission scolaire Sir-Wilfrid-Laurier.<\/strong> Nos \u00e9coles primaires et secondaires encouragent une coop\u00e9ration qui favorise la croissance individuelle et le potentiel de l&#8217;enfant dans son ensemble (physique, intellectuel et affectif), dans un environnement s\u00e9curitaire, stimulant et inclusif. Notre mission est d&#8217;inculquer \u00e0 nos \u00e9l\u00e8ves l&#8217;amour de l&#8217;apprentissage, une solide estime de soi et le respect des autres, tout en les pr\u00e9parant \u00e0 relever les d\u00e9fis auxquels ils pourraient \u00eatre confront\u00e9s dans notre soci\u00e9t\u00e9 diversifi\u00e9e.<\/p>\n\n\n\n<p>Nous offrons :<\/p>\n\n\n\n<ul>\n<li>Des programmes \u00e0 court et \u00e0 long terme pour nos \u00e9l\u00e8ves internationaux, de la maternelle \u00e0 la 11e ann\u00e9e.<\/li>\n\n\n\n<li>Des technologies de pointe, notamment des laboratoires mobiles et des tableaux intelligents dans toutes les \u00e9coles, et le transport de tous nos \u00e9l\u00e8ves vers les \u00e9coles pour lesquelles ils ont \u00e9t\u00e9 s\u00e9lectionn\u00e9s.<\/li>\n\n\n\n<li>Options d&#8217;h\u00e9bergement en famille d&#8217;accueil<\/li>\n\n\n\n<li>Assurance m\u00e9dicale et bien plus encore\u2026<\/li>\n<\/ul>\n\n\n\n<p><strong>MATI\u00c8RES (PRIMAIRES ET SECONDAIRES)<\/strong><br>Anglais &#8211; Math\u00e9matiques &#8211; Fran\u00e7ais langue seconde &#8211; \u00c9thique et culture religieuse &#8211; \u00c9ducation physique et sant\u00e9 &#8211; Arts visuels, musique, th\u00e9\u00e2tre et danse &#8211; Sciences et technologie &#8211; G\u00e9ographie, histoire et \u00e9ducation \u00e0 la citoyennet\u00e9<\/p>\n\n\n\n<p><strong>\u00c9COLE SECONDAIRE &#8211; PROGRAMMES DE CONCENTRATION (SPORTS, ARTS, MUSIQUE, TH\u00c9\u00c2TRE)<\/strong><br>Pour promouvoir un mode de vie sain, nos \u00e9coles secondaires proposent plusieurs programmes de concentration qui sont con\u00e7us pour mettre l&#8217;accent sur les normes acad\u00e9miques ainsi que sur l&#8217;excellence dans le programme choisi par l&#8217;\u00e9l\u00e8ve. Ces programmes permettent aux \u00e9l\u00e8ves de consacrer plus de temps, au cours de la journ\u00e9e scolaire, au d\u00e9veloppement de leurs comp\u00e9tences et de leurs aptitudes dans la concentration de leur choix. Dans le programme de concentration sportive, les \u00e9l\u00e8ves peuvent choisir un sport (football, soccer ou hockey).<\/p>\n\n\n\n<p><strong>\u00c9COLE SECONDAIRE &#8211; PROGRAMMES AVANC\u00c9S\/ENRICHIS (ANGLAIS, MATH\u00c9MATIQUES, FRAN\u00c7AIS, SCIENCES)<\/strong><br>Nos programmes avanc\u00e9s\/enrichis permettent aux \u00e9l\u00e8ves avanc\u00e9s d&#8217;\u00eatre immerg\u00e9s dans un programme d&#8217;\u00e9tudes plus stimulant et con\u00e7u pour r\u00e9pondre \u00e0 leurs talents particuliers. Ces programmes d&#8217;apprentissage acc\u00e9l\u00e9r\u00e9 constituent un enrichissement du programme scolaire normal. L&#8217;inscription est limit\u00e9e et ne s&#8217;applique qu&#8217;aux \u00e9l\u00e8ves qui ont obtenu la note minimale requise et une recommandation de l&#8217;enseignant pour l&#8217;admission. Plusieurs programmes enrichis, tels que l&#8217;anglais, le fran\u00e7ais, les math\u00e9matiques et les sciences, sont propos\u00e9s aux \u00e9l\u00e8ves.<\/p>\n\n\n\n<p><strong>ACTIVIT\u00c9S EXTRASCOLAIRES<\/strong><br>Nous proposons \u00e9galement une vari\u00e9t\u00e9 d&#8217;activit\u00e9s \u00e9ducatives, culturelles et r\u00e9cr\u00e9atives tout au long de l&#8217;ann\u00e9e scolaire. Ces activit\u00e9s comprennent des petits d\u00e9jeuners communautaires, une \u00e9quipe de robotique, des foires scientifiques, des salons professionnels, des revues litt\u00e9raires, des danses, des journ\u00e9es \u00e0 th\u00e8me, des salles de jeux, la cr\u00e9ation de sites web, le travail du bois, un club de joueurs, des courses Terry Fox, des courses contre le cancer du sein, des \u00e9v\u00e9nements artistiques, des journ\u00e9es sur le terrain, des carnavals d&#8217;hiver, et bien d&#8217;autres choses encore.<\/p>\n\n\n\n<p>Pour plus de questions sur notre secteur jeunesse, veuillez consulter notre section \u00ab FAQ \u00bb ou <a href=\"https:\/\/isp.swlauriersb.qc.ca\/fr\/nous-contacter\/\" data-type=\"page\" data-id=\"2979\">nous contacter<\/a>.<\/p>\n","protected":false},"excerpt":{"rendered":"<p>Bienvenue au programme jeunesse de la Commission scolaire Sir-Wilfrid-Laurier. Nos \u00e9coles primaires et secondaires encouragent une coop\u00e9ration qui favorise la croissance individuelle et le potentiel de l&#8217;enfant dans son ensemble (physique, intellectuel et affectif), dans un environnement s\u00e9curitaire, stimulant et inclusif. Notre mission est d&#8217;inculquer \u00e0 nos \u00e9l\u00e8ves l&#8217;amour de l&#8217;apprentissage, une solide estime de&hellip;<\/p>\n","protected":false},"author":1,"featured_media":0,"parent":0,"menu_order":0,"comment_status":"closed","ping_status":"closed","template":"","meta":{"_acf_changed":false,"_relevanssi_hide_post":"","_relevanssi_hide_content":"","_relevanssi_pin_for_all":"","_relevanssi_pin_keywords":"","_relevanssi_unpin_keywords":"","_relevanssi_related_keywords":"","_relevanssi_related_include_ids":"","_relevanssi_related_exclude_ids":"","_relevanssi_related_no_append":"","_relevanssi_related_not_related":"","_relevanssi_related_posts":"2328","_relevanssi_noindex_reason":"","footnotes":""},"acf":[],"yoast_head":"<!-- This site is optimized with the Yoast SEO plugin v24.5 - https:\/\/yoast.com\/wordpress\/plugins\/seo\/ -->\n<title>Jeunesse - International Student Program<\/title>\n<meta name=\"robots\" content=\"index, follow, max-snippet:-1, max-image-preview:large, max-video-preview:-1\" \/>\n<link rel=\"canonical\" href=\"https:\/\/isp.swlauriersb.qc.ca\/fr\/jeunesse\/\" \/>\n<meta property=\"og:locale\" content=\"fr_CA\" \/>\n<meta property=\"og:type\" content=\"article\" \/>\n<meta property=\"og:title\" content=\"Jeunesse - International Student Program\" \/>\n<meta property=\"og:description\" content=\"Bienvenue au programme jeunesse de la Commission scolaire Sir-Wilfrid-Laurier. Nos \u00e9coles primaires et secondaires encouragent une coop\u00e9ration qui favorise la croissance individuelle et le potentiel de l&#8217;enfant dans son ensemble (physique, intellectuel et affectif), dans un environnement s\u00e9curitaire, stimulant et inclusif. Notre mission est d&#8217;inculquer \u00e0 nos \u00e9l\u00e8ves l&#8217;amour de l&#8217;apprentissage, une solide estime de&hellip;\" \/>\n<meta property=\"og:url\" content=\"https:\/\/isp.swlauriersb.qc.ca\/fr\/jeunesse\/\" \/>\n<meta property=\"og:site_name\" content=\"International Student Program\" \/>\n<meta property=\"article:modified_time\" content=\"2024-12-11T16:14:50+00:00\" \/>\n<meta name=\"twitter:card\" content=\"summary_large_image\" \/>\n<meta name=\"twitter:label1\" content=\"Estimation du temps de lecture\" \/>\n\t<meta name=\"twitter:data1\" content=\"3 minutes\" \/>\n<script type=\"application\/ld+json\" class=\"yoast-schema-graph\">{\"@context\":\"https:\/\/schema.org\",\"@graph\":[{\"@type\":\"WebPage\",\"@id\":\"https:\/\/isp.swlauriersb.qc.ca\/fr\/jeunesse\/\",\"url\":\"https:\/\/isp.swlauriersb.qc.ca\/fr\/jeunesse\/\",\"name\":\"Jeunesse - International Student Program\",\"isPartOf\":{\"@id\":\"https:\/\/isp.swlauriersb.qc.ca\/fr\/#website\"},\"datePublished\":\"2024-05-23T13:44:35+00:00\",\"dateModified\":\"2024-12-11T16:14:50+00:00\",\"breadcrumb\":{\"@id\":\"https:\/\/isp.swlauriersb.qc.ca\/fr\/jeunesse\/#breadcrumb\"},\"inLanguage\":\"fr-CA\",\"potentialAction\":[{\"@type\":\"ReadAction\",\"target\":[\"https:\/\/isp.swlauriersb.qc.ca\/fr\/jeunesse\/\"]}]},{\"@type\":\"BreadcrumbList\",\"@id\":\"https:\/\/isp.swlauriersb.qc.ca\/fr\/jeunesse\/#breadcrumb\",\"itemListElement\":[{\"@type\":\"ListItem\",\"position\":1,\"name\":\"Home\",\"item\":\"https:\/\/isp.swlauriersb.qc.ca\/fr\/\"},{\"@type\":\"ListItem\",\"position\":2,\"name\":\"Jeunesse\"}]},{\"@type\":\"WebSite\",\"@id\":\"https:\/\/isp.swlauriersb.qc.ca\/fr\/#website\",\"url\":\"https:\/\/isp.swlauriersb.qc.ca\/fr\/\",\"name\":\"International Student Program\",\"description\":\"\",\"potentialAction\":[{\"@type\":\"SearchAction\",\"target\":{\"@type\":\"EntryPoint\",\"urlTemplate\":\"https:\/\/isp.swlauriersb.qc.ca\/fr\/?s={search_term_string}\"},\"query-input\":{\"@type\":\"PropertyValueSpecification\",\"valueRequired\":true,\"valueName\":\"search_term_string\"}}],\"inLanguage\":\"fr-CA\"}]}<\/script>\n<!-- \/ Yoast SEO plugin. -->","yoast_head_json":{"title":"Jeunesse - International Student Program","robots":{"index":"index","follow":"follow","max-snippet":"max-snippet:-1","max-image-preview":"max-image-preview:large","max-video-preview":"max-video-preview:-1"},"canonical":"https:\/\/isp.swlauriersb.qc.ca\/fr\/jeunesse\/","og_locale":"fr_CA","og_type":"article","og_title":"Jeunesse - International Student Program","og_description":"Bienvenue au programme jeunesse de la Commission scolaire Sir-Wilfrid-Laurier. Nos \u00e9coles primaires et secondaires encouragent une coop\u00e9ration qui favorise la croissance individuelle et le potentiel de l&#8217;enfant dans son ensemble (physique, intellectuel et affectif), dans un environnement s\u00e9curitaire, stimulant et inclusif. Notre mission est d&#8217;inculquer \u00e0 nos \u00e9l\u00e8ves l&#8217;amour de l&#8217;apprentissage, une solide estime de&hellip;","og_url":"https:\/\/isp.swlauriersb.qc.ca\/fr\/jeunesse\/","og_site_name":"International Student Program","article_modified_time":"2024-12-11T16:14:50+00:00","twitter_card":"summary_large_image","twitter_misc":{"Estimation du temps de lecture":"3 minutes"},"schema":{"@context":"https:\/\/schema.org","@graph":[{"@type":"WebPage","@id":"https:\/\/isp.swlauriersb.qc.ca\/fr\/jeunesse\/","url":"https:\/\/isp.swlauriersb.qc.ca\/fr\/jeunesse\/","name":"Jeunesse - International Student Program","isPartOf":{"@id":"https:\/\/isp.swlauriersb.qc.ca\/fr\/#website"},"datePublished":"2024-05-23T13:44:35+00:00","dateModified":"2024-12-11T16:14:50+00:00","breadcrumb":{"@id":"https:\/\/isp.swlauriersb.qc.ca\/fr\/jeunesse\/#breadcrumb"},"inLanguage":"fr-CA","potentialAction":[{"@type":"ReadAction","target":["https:\/\/isp.swlauriersb.qc.ca\/fr\/jeunesse\/"]}]},{"@type":"BreadcrumbList","@id":"https:\/\/isp.swlauriersb.qc.ca\/fr\/jeunesse\/#breadcrumb","itemListElement":[{"@type":"ListItem","position":1,"name":"Home","item":"https:\/\/isp.swlauriersb.qc.ca\/fr\/"},{"@type":"ListItem","position":2,"name":"Jeunesse"}]},{"@type":"WebSite","@id":"https:\/\/isp.swlauriersb.qc.ca\/fr\/#website","url":"https:\/\/isp.swlauriersb.qc.ca\/fr\/","name":"International Student Program","description":"","potentialAction":[{"@type":"SearchAction","target":{"@type":"EntryPoint","urlTemplate":"https:\/\/isp.swlauriersb.qc.ca\/fr\/?s={search_term_string}"},"query-input":{"@type":"PropertyValueSpecification","valueRequired":true,"valueName":"search_term_string"}}],"inLanguage":"fr-CA"}]}},"_links":{"self":[{"href":"https:\/\/isp.swlauriersb.qc.ca\/fr\/wp-json\/wp\/v2\/pages\/2988"}],"collection":[{"href":"https:\/\/isp.swlauriersb.qc.ca\/fr\/wp-json\/wp\/v2\/pages"}],"about":[{"href":"https:\/\/isp.swlauriersb.qc.ca\/fr\/wp-json\/wp\/v2\/types\/page"}],"author":[{"embeddable":true,"href":"https:\/\/isp.swlauriersb.qc.ca\/fr\/wp-json\/wp\/v2\/users\/1"}],"replies":[{"embeddable":true,"href":"https:\/\/isp.swlauriersb.qc.ca\/fr\/wp-json\/wp\/v2\/comments?post=2988"}],"version-history":[{"count":5,"href":"https:\/\/isp.swlauriersb.qc.ca\/fr\/wp-json\/wp\/v2\/pages\/2988\/revisions"}],"predecessor-version":[{"id":3098,"href":"https:\/\/isp.swlauriersb.qc.ca\/fr\/wp-json\/wp\/v2\/pages\/2988\/revisions\/3098"}],"wp:attachment":[{"href":"https:\/\/isp.swlauriersb.qc.ca\/fr\/wp-json\/wp\/v2\/media?parent=2988"}],"curies":[{"name":"wp","href":"https:\/\/api.w.org\/{rel}","templated":true}]}}