{"id":2989,"date":"2024-05-23T09:51:05","date_gmt":"2024-05-23T13:51:05","guid":{"rendered":"https:\/\/isp.swlauriersb.qc.ca\/home\/youth\/accomodations\/"},"modified":"2024-12-11T11:40:55","modified_gmt":"2024-12-11T16:40:55","slug":"familles-daccueil","status":"publish","type":"page","link":"https:\/\/isp.swlauriersb.qc.ca\/fr\/jeunesse\/familles-daccueil\/","title":{"rendered":"Familles d&#8217;accueil"},"content":{"rendered":"\n<div class=\"wp-block-columns are-vertically-aligned-center is-layout-flex wp-container-core-columns-is-layout-1 wp-block-columns-is-layout-flex\">\n<div class=\"wp-block-column is-vertically-aligned-center is-layout-flow wp-block-column-is-layout-flow\" style=\"flex-basis:66.66%\">\n<h2 class=\"wp-block-heading has-text-align-left\">MLI Homestay<\/h2>\n<\/div>\n\n\n\n<div class=\"wp-block-column is-vertically-aligned-center is-layout-flow wp-block-column-is-layout-flow\" style=\"flex-basis:33.33%\">\n<figure class=\"wp-block-image alignright size-full is-resized is-style-square-corner\"><a href=\"https:\/\/www.mlihomestay.com\/\" target=\"_blank\" rel=\"noreferrer noopener\"><img loading=\"lazy\" decoding=\"async\" width=\"700\" height=\"756\" src=\"https:\/\/isp.swlauriersb.qc.ca\/wp-content\/uploads\/sites\/41\/2024\/11\/MLI-Homestay-regular-transparent-resized.png\" alt=\"\" class=\"wp-image-1671\" style=\"width:100px;height:auto\" srcset=\"https:\/\/isp.swlauriersb.qc.ca\/wp-content\/uploads\/sites\/41\/2024\/11\/MLI-Homestay-regular-transparent-resized.png 700w, https:\/\/isp.swlauriersb.qc.ca\/wp-content\/uploads\/sites\/41\/2024\/11\/MLI-Homestay-regular-transparent-resized-278x300.png 278w\" sizes=\"(max-width: 700px) 100vw, 700px\" \/><\/a><\/figure>\n<\/div>\n<\/div>\n\n\n\n<p>La Commission scolaire Sir Wilfrid Laurier a \u00e9tabli un partenariat avec MLI Homestay et fait la promotion du programme de familles d&#8217;accueil aupr\u00e8s des \u00e9l\u00e8ves et du personnel de ses \u00e9coles, ainsi qu&#8217;aupr\u00e8s des familles r\u00e9sidant dans sa communaut\u00e9. La commission scolaire et l&#8217;IML travaillent en \u00e9troite collaboration pour encadrer les \u00e9tudiants \u00e9trangers et fournir un soutien appropri\u00e9 aux agents.<\/p>\n\n\n\n<p>Toutes les informations fournies dans les candidatures envoy\u00e9es \u00e0 l&#8217;IML sont valid\u00e9es afin de garantir que les \u00e9tudiants internationaux sont log\u00e9s dans d&#8217;excellentes familles. MLI s&#8217;assure que chaque famille peut offrir \u00e0 l&#8217;\u00e9tudiant qu&#8217;elle accueille une chambre priv\u00e9e et meubl\u00e9e, trois repas nutritifs par jour et un environnement familial sain.<\/p>\n\n\n\n<p>Toute famille souhaitant accueillir un \u00e9tudiant international doit se soumettre \u00e0 un processus de s\u00e9lection rigoureux.<\/p>\n\n\n\n<p>Une inspection compl\u00e8te de la maison et une v\u00e9rification des ant\u00e9c\u00e9dents criminels des membres de la famille font \u00e9galement partie des pr\u00e9cautions prises pour offrir un environnement s\u00fbr aux \u00e9l\u00e8ves.<\/p>\n\n\n\n<p>Les familles s\u00e9lectionn\u00e9es peuvent \u00eatre issues de cultures et de milieux diff\u00e9rents et ont tendance \u00e0 avoir un statut socio-\u00e9conomique moyen ou \u00e9lev\u00e9. Certaines ont de jeunes enfants, d&#8217;autres des enfants plus \u00e2g\u00e9s qui ont parfois d\u00e9j\u00e0 quitt\u00e9 le domicile familial, ou n&#8217;ont pas d&#8217;enfants. En fonction des disponibilit\u00e9s, l&#8217;\u00e9tudiant international peut choisir entre une famille anglophone ou francophone.<\/p>\n\n\n\n<p>Pour plus d&#8217;informations, ou si vous souhaitez devenir une famille d&#8217;accueil dans la r\u00e9gion de Laval, Laurentides, Lanaudi\u00e8re, veuillez contacter Shari Ann au 514 824-8243 ou \u00e0 <a href=\"mailto:sfleming@mlihomestay.com\">sfleming@mlihomestay.com<\/a>\u00a0ou visitez <a href=\"https:\/\/www.mlihomestay.com\/\">MLI Homestay<\/a>.<\/p>\n\n\n\n<p>Pour demander des services d&#8217;h\u00e9bergement en famille d&#8217;accueil, veuillez envoyer un courriel \u00e0 <a href=\"mailto:fmubeen@mlihomestay.com\">fmubeen@mlihomestay.com<\/a> \/ <a href=\"mailto:kash@mlihomestay.com\">kash@mlihomestay.com<\/a> ou t\u00e9l\u00e9phoner au 416 646-5405, poste 515.<\/p>\n","protected":false},"excerpt":{"rendered":"<p>MLI Homestay La Commission scolaire Sir Wilfrid Laurier a \u00e9tabli un partenariat avec MLI Homestay et fait la promotion du programme de familles d&#8217;accueil aupr\u00e8s des \u00e9l\u00e8ves et du personnel de ses \u00e9coles, ainsi qu&#8217;aupr\u00e8s des familles r\u00e9sidant dans sa communaut\u00e9. La commission scolaire et l&#8217;IML travaillent en \u00e9troite collaboration pour encadrer les \u00e9tudiants \u00e9trangers&hellip;<\/p>\n","protected":false},"author":1,"featured_media":0,"parent":2988,"menu_order":0,"comment_status":"closed","ping_status":"closed","template":"","meta":{"_acf_changed":false,"_relevanssi_hide_post":"","_relevanssi_hide_content":"","_relevanssi_pin_for_all":"","_relevanssi_pin_keywords":"","_relevanssi_unpin_keywords":"","_relevanssi_related_keywords":"","_relevanssi_related_include_ids":"","_relevanssi_related_exclude_ids":"","_relevanssi_related_no_append":"","_relevanssi_related_not_related":"","_relevanssi_related_posts":"2328,2924","_relevanssi_noindex_reason":"","footnotes":""},"acf":[],"yoast_head":"<!-- This site is optimized with the Yoast SEO plugin v24.5 - https:\/\/yoast.com\/wordpress\/plugins\/seo\/ -->\n<title>Familles d&#039;accueil - International Student Program<\/title>\n<meta name=\"robots\" content=\"index, follow, max-snippet:-1, max-image-preview:large, max-video-preview:-1\" \/>\n<link rel=\"canonical\" href=\"https:\/\/isp.swlauriersb.qc.ca\/fr\/jeunesse\/familles-daccueil\/\" \/>\n<meta property=\"og:locale\" content=\"fr_CA\" \/>\n<meta property=\"og:type\" content=\"article\" \/>\n<meta property=\"og:title\" content=\"Familles d&#039;accueil - International Student Program\" \/>\n<meta property=\"og:description\" content=\"MLI Homestay La Commission scolaire Sir Wilfrid Laurier a \u00e9tabli un partenariat avec MLI Homestay et fait la promotion du programme de familles d&#8217;accueil aupr\u00e8s des \u00e9l\u00e8ves et du personnel de ses \u00e9coles, ainsi qu&#8217;aupr\u00e8s des familles r\u00e9sidant dans sa communaut\u00e9. La commission scolaire et l&#8217;IML travaillent en \u00e9troite collaboration pour encadrer les \u00e9tudiants \u00e9trangers&hellip;\" \/>\n<meta property=\"og:url\" content=\"https:\/\/isp.swlauriersb.qc.ca\/fr\/jeunesse\/familles-daccueil\/\" \/>\n<meta property=\"og:site_name\" content=\"International Student Program\" \/>\n<meta property=\"article:modified_time\" content=\"2024-12-11T16:40:55+00:00\" \/>\n<meta property=\"og:image\" content=\"https:\/\/isp.swlauriersb.qc.ca\/wp-content\/uploads\/sites\/41\/2024\/11\/MLI-Homestay-regular-transparent-resized.png\" \/>\n<meta name=\"twitter:card\" content=\"summary_large_image\" \/>\n<meta name=\"twitter:label1\" content=\"Estimation du temps de lecture\" \/>\n\t<meta name=\"twitter:data1\" content=\"1 minute\" \/>\n<script type=\"application\/ld+json\" class=\"yoast-schema-graph\">{\"@context\":\"https:\/\/schema.org\",\"@graph\":[{\"@type\":\"WebPage\",\"@id\":\"https:\/\/isp.swlauriersb.qc.ca\/fr\/jeunesse\/familles-daccueil\/\",\"url\":\"https:\/\/isp.swlauriersb.qc.ca\/fr\/jeunesse\/familles-daccueil\/\",\"name\":\"Familles d'accueil - International Student Program\",\"isPartOf\":{\"@id\":\"https:\/\/isp.swlauriersb.qc.ca\/fr\/#website\"},\"primaryImageOfPage\":{\"@id\":\"https:\/\/isp.swlauriersb.qc.ca\/fr\/jeunesse\/familles-daccueil\/#primaryimage\"},\"image\":{\"@id\":\"https:\/\/isp.swlauriersb.qc.ca\/fr\/jeunesse\/familles-daccueil\/#primaryimage\"},\"thumbnailUrl\":\"https:\/\/isp.swlauriersb.qc.ca\/wp-content\/uploads\/sites\/41\/2024\/11\/MLI-Homestay-regular-transparent-resized.png\",\"datePublished\":\"2024-05-23T13:51:05+00:00\",\"dateModified\":\"2024-12-11T16:40:55+00:00\",\"breadcrumb\":{\"@id\":\"https:\/\/isp.swlauriersb.qc.ca\/fr\/jeunesse\/familles-daccueil\/#breadcrumb\"},\"inLanguage\":\"fr-CA\",\"potentialAction\":[{\"@type\":\"ReadAction\",\"target\":[\"https:\/\/isp.swlauriersb.qc.ca\/fr\/jeunesse\/familles-daccueil\/\"]}]},{\"@type\":\"ImageObject\",\"inLanguage\":\"fr-CA\",\"@id\":\"https:\/\/isp.swlauriersb.qc.ca\/fr\/jeunesse\/familles-daccueil\/#primaryimage\",\"url\":\"https:\/\/isp.swlauriersb.qc.ca\/wp-content\/uploads\/sites\/41\/2024\/11\/MLI-Homestay-regular-transparent-resized.png\",\"contentUrl\":\"https:\/\/isp.swlauriersb.qc.ca\/wp-content\/uploads\/sites\/41\/2024\/11\/MLI-Homestay-regular-transparent-resized.png\"},{\"@type\":\"BreadcrumbList\",\"@id\":\"https:\/\/isp.swlauriersb.qc.ca\/fr\/jeunesse\/familles-daccueil\/#breadcrumb\",\"itemListElement\":[{\"@type\":\"ListItem\",\"position\":1,\"name\":\"Home\",\"item\":\"https:\/\/isp.swlauriersb.qc.ca\/fr\/\"},{\"@type\":\"ListItem\",\"position\":2,\"name\":\"Jeunesse\",\"item\":\"https:\/\/isp.swlauriersb.qc.ca\/fr\/jeunesse\/\"},{\"@type\":\"ListItem\",\"position\":3,\"name\":\"Familles d&#8217;accueil\"}]},{\"@type\":\"WebSite\",\"@id\":\"https:\/\/isp.swlauriersb.qc.ca\/fr\/#website\",\"url\":\"https:\/\/isp.swlauriersb.qc.ca\/fr\/\",\"name\":\"International Student Program\",\"description\":\"\",\"potentialAction\":[{\"@type\":\"SearchAction\",\"target\":{\"@type\":\"EntryPoint\",\"urlTemplate\":\"https:\/\/isp.swlauriersb.qc.ca\/fr\/?s={search_term_string}\"},\"query-input\":{\"@type\":\"PropertyValueSpecification\",\"valueRequired\":true,\"valueName\":\"search_term_string\"}}],\"inLanguage\":\"fr-CA\"}]}<\/script>\n<!-- \/ Yoast SEO plugin. -->","yoast_head_json":{"title":"Familles d'accueil - International Student Program","robots":{"index":"index","follow":"follow","max-snippet":"max-snippet:-1","max-image-preview":"max-image-preview:large","max-video-preview":"max-video-preview:-1"},"canonical":"https:\/\/isp.swlauriersb.qc.ca\/fr\/jeunesse\/familles-daccueil\/","og_locale":"fr_CA","og_type":"article","og_title":"Familles d'accueil - International Student Program","og_description":"MLI Homestay La Commission scolaire Sir Wilfrid Laurier a \u00e9tabli un partenariat avec MLI Homestay et fait la promotion du programme de familles d&#8217;accueil aupr\u00e8s des \u00e9l\u00e8ves et du personnel de ses \u00e9coles, ainsi qu&#8217;aupr\u00e8s des familles r\u00e9sidant dans sa communaut\u00e9. La commission scolaire et l&#8217;IML travaillent en \u00e9troite collaboration pour encadrer les \u00e9tudiants \u00e9trangers&hellip;","og_url":"https:\/\/isp.swlauriersb.qc.ca\/fr\/jeunesse\/familles-daccueil\/","og_site_name":"International Student Program","article_modified_time":"2024-12-11T16:40:55+00:00","og_image":[{"url":"https:\/\/isp.swlauriersb.qc.ca\/wp-content\/uploads\/sites\/41\/2024\/11\/MLI-Homestay-regular-transparent-resized.png","type":"","width":"","height":""}],"twitter_card":"summary_large_image","twitter_misc":{"Estimation du temps de lecture":"1 minute"},"schema":{"@context":"https:\/\/schema.org","@graph":[{"@type":"WebPage","@id":"https:\/\/isp.swlauriersb.qc.ca\/fr\/jeunesse\/familles-daccueil\/","url":"https:\/\/isp.swlauriersb.qc.ca\/fr\/jeunesse\/familles-daccueil\/","name":"Familles d'accueil - International Student Program","isPartOf":{"@id":"https:\/\/isp.swlauriersb.qc.ca\/fr\/#website"},"primaryImageOfPage":{"@id":"https:\/\/isp.swlauriersb.qc.ca\/fr\/jeunesse\/familles-daccueil\/#primaryimage"},"image":{"@id":"https:\/\/isp.swlauriersb.qc.ca\/fr\/jeunesse\/familles-daccueil\/#primaryimage"},"thumbnailUrl":"https:\/\/isp.swlauriersb.qc.ca\/wp-content\/uploads\/sites\/41\/2024\/11\/MLI-Homestay-regular-transparent-resized.png","datePublished":"2024-05-23T13:51:05+00:00","dateModified":"2024-12-11T16:40:55+00:00","breadcrumb":{"@id":"https:\/\/isp.swlauriersb.qc.ca\/fr\/jeunesse\/familles-daccueil\/#breadcrumb"},"inLanguage":"fr-CA","potentialAction":[{"@type":"ReadAction","target":["https:\/\/isp.swlauriersb.qc.ca\/fr\/jeunesse\/familles-daccueil\/"]}]},{"@type":"ImageObject","inLanguage":"fr-CA","@id":"https:\/\/isp.swlauriersb.qc.ca\/fr\/jeunesse\/familles-daccueil\/#primaryimage","url":"https:\/\/isp.swlauriersb.qc.ca\/wp-content\/uploads\/sites\/41\/2024\/11\/MLI-Homestay-regular-transparent-resized.png","contentUrl":"https:\/\/isp.swlauriersb.qc.ca\/wp-content\/uploads\/sites\/41\/2024\/11\/MLI-Homestay-regular-transparent-resized.png"},{"@type":"BreadcrumbList","@id":"https:\/\/isp.swlauriersb.qc.ca\/fr\/jeunesse\/familles-daccueil\/#breadcrumb","itemListElement":[{"@type":"ListItem","position":1,"name":"Home","item":"https:\/\/isp.swlauriersb.qc.ca\/fr\/"},{"@type":"ListItem","position":2,"name":"Jeunesse","item":"https:\/\/isp.swlauriersb.qc.ca\/fr\/jeunesse\/"},{"@type":"ListItem","position":3,"name":"Familles d&#8217;accueil"}]},{"@type":"WebSite","@id":"https:\/\/isp.swlauriersb.qc.ca\/fr\/#website","url":"https:\/\/isp.swlauriersb.qc.ca\/fr\/","name":"International Student Program","description":"","potentialAction":[{"@type":"SearchAction","target":{"@type":"EntryPoint","urlTemplate":"https:\/\/isp.swlauriersb.qc.ca\/fr\/?s={search_term_string}"},"query-input":{"@type":"PropertyValueSpecification","valueRequired":true,"valueName":"search_term_string"}}],"inLanguage":"fr-CA"}]}},"_links":{"self":[{"href":"https:\/\/isp.swlauriersb.qc.ca\/fr\/wp-json\/wp\/v2\/pages\/2989"}],"collection":[{"href":"https:\/\/isp.swlauriersb.qc.ca\/fr\/wp-json\/wp\/v2\/pages"}],"about":[{"href":"https:\/\/isp.swlauriersb.qc.ca\/fr\/wp-json\/wp\/v2\/types\/page"}],"author":[{"embeddable":true,"href":"https:\/\/isp.swlauriersb.qc.ca\/fr\/wp-json\/wp\/v2\/users\/1"}],"replies":[{"embeddable":true,"href":"https:\/\/isp.swlauriersb.qc.ca\/fr\/wp-json\/wp\/v2\/comments?post=2989"}],"version-history":[{"count":3,"href":"https:\/\/isp.swlauriersb.qc.ca\/fr\/wp-json\/wp\/v2\/pages\/2989\/revisions"}],"predecessor-version":[{"id":3134,"href":"https:\/\/isp.swlauriersb.qc.ca\/fr\/wp-json\/wp\/v2\/pages\/2989\/revisions\/3134"}],"up":[{"embeddable":true,"href":"https:\/\/isp.swlauriersb.qc.ca\/fr\/wp-json\/wp\/v2\/pages\/2988"}],"wp:attachment":[{"href":"https:\/\/isp.swlauriersb.qc.ca\/fr\/wp-json\/wp\/v2\/media?parent=2989"}],"curies":[{"name":"wp","href":"https:\/\/api.w.org\/{rel}","templated":true}]}}