{"id":2992,"date":"2024-05-23T09:50:29","date_gmt":"2024-05-23T13:50:29","guid":{"rendered":"https:\/\/isp.swlauriersb.qc.ca\/payment-methods\/"},"modified":"2024-12-10T17:26:20","modified_gmt":"2024-12-10T22:26:20","slug":"mode-de-paiement","status":"publish","type":"page","link":"https:\/\/isp.swlauriersb.qc.ca\/fr\/mode-de-paiement\/","title":{"rendered":"Mode de paiement"},"content":{"rendered":"\n<div class=\"wp-block-media-text is-stacked-on-mobile is-vertically-aligned-top\" style=\"grid-template-columns:23% auto\"><figure class=\"wp-block-media-text__media\"><a href=\"https:\/\/payment.flywire.com\/pay\/payment\" target=\"_blank\" rel=\"noreferrer noopener\"><img loading=\"lazy\" decoding=\"async\" width=\"300\" height=\"77\" src=\"https:\/\/isp.swlauriersb.qc.ca\/wp-content\/uploads\/sites\/41\/2024\/06\/image-2.png\" alt=\"\" class=\"wp-image-1008 size-full\"\/><\/a><\/figure><div class=\"wp-block-media-text__content\">\n<p><a href=\"https:\/\/www.flywire.com\/\" data-type=\"link\" data-id=\"https:\/\/www.flywire.com\/\">Flywire<\/a> est une soci\u00e9t\u00e9 mondiale de logiciels et d&#8217;outils de paiement, dont la mission est d&#8217;effectuer les paiements les plus importants et les plus complexes au monde.<\/p>\n\n\n\n<p>Nous encourageons nos agents et nos \u00e9tudiants \u00e0 effectuer tous leurs paiements par l&#8217;interm\u00e9diaire de notre plateforme de paiement s\u00e9curis\u00e9 en ligne Flywire. Gr\u00e2ce \u00e0 ses services de traitement et de suivi des paiements s\u00e9curis\u00e9s et conviviaux, les utilisateurs peuvent recevoir des re\u00e7us et des notifications instantan\u00e9s sur leurs transactions. Les \u00e9tudiants peuvent se r\u00e9f\u00e9rer aux d\u00e9tails de paiement figurant sur leurs factures pour obtenir des instructions suppl\u00e9mentaires sur la mani\u00e8re d&#8217;effectuer les paiements.<\/p>\n\n\n\n<p>Les \u00e9tudiants sont encourag\u00e9s \u00e0 utiliser leurs re\u00e7us Flywire &#8211; SWLSB comme preuve officielle de paiement des frais \u00e0 soumettre \u00e0 Immigration Qu\u00e9bec et Immigration Canada.<\/p>\n\n\n\n<p>Si vous avez besoin d&#8217;aide tout au long du processus de paiement, veuillez utiliser le service de chat en ligne 24\/7 disponible<a href=\"https:\/\/help.flywire.com\/hc\/en-us\" data-type=\"link\" data-id=\"https:\/\/help.flywire.com\/hc\/en-us\"> ici <\/a>ou contacter l&#8217;\u00e9quipe internationale d&#8217;assistance \u00e0 la client\u00e8le de Flywire au +1 800 346 9252 (plus de m\u00e9thodes de contact <a href=\"https:\/\/help.flywire.com\/hc\/en-us\" data-type=\"link\" data-id=\"https:\/\/help.flywire.com\/hc\/en-us\">ici<\/a>).<\/p>\n<\/div><\/div>\n","protected":false},"excerpt":{"rendered":"<p>Flywire est une soci\u00e9t\u00e9 mondiale de logiciels et d&#8217;outils de paiement, dont la mission est d&#8217;effectuer les paiements les plus importants et les plus complexes au monde. Nous encourageons nos agents et nos \u00e9tudiants \u00e0 effectuer tous leurs paiements par l&#8217;interm\u00e9diaire de notre plateforme de paiement s\u00e9curis\u00e9 en ligne Flywire. Gr\u00e2ce \u00e0 ses services de&hellip;<\/p>\n","protected":false},"author":1,"featured_media":0,"parent":0,"menu_order":0,"comment_status":"closed","ping_status":"closed","template":"","meta":{"_acf_changed":false,"_relevanssi_hide_post":"","_relevanssi_hide_content":"","_relevanssi_pin_for_all":"","_relevanssi_pin_keywords":"","_relevanssi_unpin_keywords":"","_relevanssi_related_keywords":"","_relevanssi_related_include_ids":"","_relevanssi_related_exclude_ids":"","_relevanssi_related_no_append":"","_relevanssi_related_not_related":"","_relevanssi_related_posts":"2328","_relevanssi_noindex_reason":"","footnotes":""},"acf":[],"yoast_head":"<!-- This site is optimized with the Yoast SEO plugin v24.5 - https:\/\/yoast.com\/wordpress\/plugins\/seo\/ -->\n<title>Mode de paiement - International Student Program<\/title>\n<meta name=\"robots\" content=\"index, follow, max-snippet:-1, max-image-preview:large, max-video-preview:-1\" \/>\n<link rel=\"canonical\" href=\"https:\/\/isp.swlauriersb.qc.ca\/fr\/mode-de-paiement\/\" \/>\n<meta property=\"og:locale\" content=\"fr_CA\" \/>\n<meta property=\"og:type\" content=\"article\" \/>\n<meta property=\"og:title\" content=\"Mode de paiement - International Student Program\" \/>\n<meta property=\"og:description\" content=\"Flywire est une soci\u00e9t\u00e9 mondiale de logiciels et d&#8217;outils de paiement, dont la mission est d&#8217;effectuer les paiements les plus importants et les plus complexes au monde. Nous encourageons nos agents et nos \u00e9tudiants \u00e0 effectuer tous leurs paiements par l&#8217;interm\u00e9diaire de notre plateforme de paiement s\u00e9curis\u00e9 en ligne Flywire. Gr\u00e2ce \u00e0 ses services de&hellip;\" \/>\n<meta property=\"og:url\" content=\"https:\/\/isp.swlauriersb.qc.ca\/fr\/mode-de-paiement\/\" \/>\n<meta property=\"og:site_name\" content=\"International Student Program\" \/>\n<meta property=\"article:modified_time\" content=\"2024-12-10T22:26:20+00:00\" \/>\n<meta property=\"og:image\" content=\"https:\/\/isp.swlauriersb.qc.ca\/wp-content\/uploads\/sites\/41\/2024\/06\/image-2.png\" \/>\n<meta name=\"twitter:card\" content=\"summary_large_image\" \/>\n<meta name=\"twitter:label1\" content=\"Estimation du temps de lecture\" \/>\n\t<meta name=\"twitter:data1\" content=\"1 minute\" \/>\n<script type=\"application\/ld+json\" class=\"yoast-schema-graph\">{\"@context\":\"https:\/\/schema.org\",\"@graph\":[{\"@type\":\"WebPage\",\"@id\":\"https:\/\/isp.swlauriersb.qc.ca\/fr\/mode-de-paiement\/\",\"url\":\"https:\/\/isp.swlauriersb.qc.ca\/fr\/mode-de-paiement\/\",\"name\":\"Mode de paiement - International Student Program\",\"isPartOf\":{\"@id\":\"https:\/\/isp.swlauriersb.qc.ca\/fr\/#website\"},\"primaryImageOfPage\":{\"@id\":\"https:\/\/isp.swlauriersb.qc.ca\/fr\/mode-de-paiement\/#primaryimage\"},\"image\":{\"@id\":\"https:\/\/isp.swlauriersb.qc.ca\/fr\/mode-de-paiement\/#primaryimage\"},\"thumbnailUrl\":\"https:\/\/isp.swlauriersb.qc.ca\/wp-content\/uploads\/sites\/41\/2024\/06\/image-2.png\",\"datePublished\":\"2024-05-23T13:50:29+00:00\",\"dateModified\":\"2024-12-10T22:26:20+00:00\",\"breadcrumb\":{\"@id\":\"https:\/\/isp.swlauriersb.qc.ca\/fr\/mode-de-paiement\/#breadcrumb\"},\"inLanguage\":\"fr-CA\",\"potentialAction\":[{\"@type\":\"ReadAction\",\"target\":[\"https:\/\/isp.swlauriersb.qc.ca\/fr\/mode-de-paiement\/\"]}]},{\"@type\":\"ImageObject\",\"inLanguage\":\"fr-CA\",\"@id\":\"https:\/\/isp.swlauriersb.qc.ca\/fr\/mode-de-paiement\/#primaryimage\",\"url\":\"https:\/\/isp.swlauriersb.qc.ca\/wp-content\/uploads\/sites\/41\/2024\/06\/image-2.png\",\"contentUrl\":\"https:\/\/isp.swlauriersb.qc.ca\/wp-content\/uploads\/sites\/41\/2024\/06\/image-2.png\"},{\"@type\":\"BreadcrumbList\",\"@id\":\"https:\/\/isp.swlauriersb.qc.ca\/fr\/mode-de-paiement\/#breadcrumb\",\"itemListElement\":[{\"@type\":\"ListItem\",\"position\":1,\"name\":\"Home\",\"item\":\"https:\/\/isp.swlauriersb.qc.ca\/fr\/\"},{\"@type\":\"ListItem\",\"position\":2,\"name\":\"Mode de paiement\"}]},{\"@type\":\"WebSite\",\"@id\":\"https:\/\/isp.swlauriersb.qc.ca\/fr\/#website\",\"url\":\"https:\/\/isp.swlauriersb.qc.ca\/fr\/\",\"name\":\"International Student Program\",\"description\":\"\",\"potentialAction\":[{\"@type\":\"SearchAction\",\"target\":{\"@type\":\"EntryPoint\",\"urlTemplate\":\"https:\/\/isp.swlauriersb.qc.ca\/fr\/?s={search_term_string}\"},\"query-input\":{\"@type\":\"PropertyValueSpecification\",\"valueRequired\":true,\"valueName\":\"search_term_string\"}}],\"inLanguage\":\"fr-CA\"}]}<\/script>\n<!-- \/ Yoast SEO plugin. -->","yoast_head_json":{"title":"Mode de paiement - International Student Program","robots":{"index":"index","follow":"follow","max-snippet":"max-snippet:-1","max-image-preview":"max-image-preview:large","max-video-preview":"max-video-preview:-1"},"canonical":"https:\/\/isp.swlauriersb.qc.ca\/fr\/mode-de-paiement\/","og_locale":"fr_CA","og_type":"article","og_title":"Mode de paiement - International Student Program","og_description":"Flywire est une soci\u00e9t\u00e9 mondiale de logiciels et d&#8217;outils de paiement, dont la mission est d&#8217;effectuer les paiements les plus importants et les plus complexes au monde. Nous encourageons nos agents et nos \u00e9tudiants \u00e0 effectuer tous leurs paiements par l&#8217;interm\u00e9diaire de notre plateforme de paiement s\u00e9curis\u00e9 en ligne Flywire. Gr\u00e2ce \u00e0 ses services de&hellip;","og_url":"https:\/\/isp.swlauriersb.qc.ca\/fr\/mode-de-paiement\/","og_site_name":"International Student Program","article_modified_time":"2024-12-10T22:26:20+00:00","og_image":[{"url":"https:\/\/isp.swlauriersb.qc.ca\/wp-content\/uploads\/sites\/41\/2024\/06\/image-2.png","type":"","width":"","height":""}],"twitter_card":"summary_large_image","twitter_misc":{"Estimation du temps de lecture":"1 minute"},"schema":{"@context":"https:\/\/schema.org","@graph":[{"@type":"WebPage","@id":"https:\/\/isp.swlauriersb.qc.ca\/fr\/mode-de-paiement\/","url":"https:\/\/isp.swlauriersb.qc.ca\/fr\/mode-de-paiement\/","name":"Mode de paiement - International Student Program","isPartOf":{"@id":"https:\/\/isp.swlauriersb.qc.ca\/fr\/#website"},"primaryImageOfPage":{"@id":"https:\/\/isp.swlauriersb.qc.ca\/fr\/mode-de-paiement\/#primaryimage"},"image":{"@id":"https:\/\/isp.swlauriersb.qc.ca\/fr\/mode-de-paiement\/#primaryimage"},"thumbnailUrl":"https:\/\/isp.swlauriersb.qc.ca\/wp-content\/uploads\/sites\/41\/2024\/06\/image-2.png","datePublished":"2024-05-23T13:50:29+00:00","dateModified":"2024-12-10T22:26:20+00:00","breadcrumb":{"@id":"https:\/\/isp.swlauriersb.qc.ca\/fr\/mode-de-paiement\/#breadcrumb"},"inLanguage":"fr-CA","potentialAction":[{"@type":"ReadAction","target":["https:\/\/isp.swlauriersb.qc.ca\/fr\/mode-de-paiement\/"]}]},{"@type":"ImageObject","inLanguage":"fr-CA","@id":"https:\/\/isp.swlauriersb.qc.ca\/fr\/mode-de-paiement\/#primaryimage","url":"https:\/\/isp.swlauriersb.qc.ca\/wp-content\/uploads\/sites\/41\/2024\/06\/image-2.png","contentUrl":"https:\/\/isp.swlauriersb.qc.ca\/wp-content\/uploads\/sites\/41\/2024\/06\/image-2.png"},{"@type":"BreadcrumbList","@id":"https:\/\/isp.swlauriersb.qc.ca\/fr\/mode-de-paiement\/#breadcrumb","itemListElement":[{"@type":"ListItem","position":1,"name":"Home","item":"https:\/\/isp.swlauriersb.qc.ca\/fr\/"},{"@type":"ListItem","position":2,"name":"Mode de paiement"}]},{"@type":"WebSite","@id":"https:\/\/isp.swlauriersb.qc.ca\/fr\/#website","url":"https:\/\/isp.swlauriersb.qc.ca\/fr\/","name":"International Student Program","description":"","potentialAction":[{"@type":"SearchAction","target":{"@type":"EntryPoint","urlTemplate":"https:\/\/isp.swlauriersb.qc.ca\/fr\/?s={search_term_string}"},"query-input":{"@type":"PropertyValueSpecification","valueRequired":true,"valueName":"search_term_string"}}],"inLanguage":"fr-CA"}]}},"_links":{"self":[{"href":"https:\/\/isp.swlauriersb.qc.ca\/fr\/wp-json\/wp\/v2\/pages\/2992"}],"collection":[{"href":"https:\/\/isp.swlauriersb.qc.ca\/fr\/wp-json\/wp\/v2\/pages"}],"about":[{"href":"https:\/\/isp.swlauriersb.qc.ca\/fr\/wp-json\/wp\/v2\/types\/page"}],"author":[{"embeddable":true,"href":"https:\/\/isp.swlauriersb.qc.ca\/fr\/wp-json\/wp\/v2\/users\/1"}],"replies":[{"embeddable":true,"href":"https:\/\/isp.swlauriersb.qc.ca\/fr\/wp-json\/wp\/v2\/comments?post=2992"}],"version-history":[{"count":2,"href":"https:\/\/isp.swlauriersb.qc.ca\/fr\/wp-json\/wp\/v2\/pages\/2992\/revisions"}],"predecessor-version":[{"id":3056,"href":"https:\/\/isp.swlauriersb.qc.ca\/fr\/wp-json\/wp\/v2\/pages\/2992\/revisions\/3056"}],"wp:attachment":[{"href":"https:\/\/isp.swlauriersb.qc.ca\/fr\/wp-json\/wp\/v2\/media?parent=2992"}],"curies":[{"name":"wp","href":"https:\/\/api.w.org\/{rel}","templated":true}]}}